{"id":1353,"date":"2024-12-22T21:07:49","date_gmt":"2024-12-22T20:07:49","guid":{"rendered":"http:\/\/merely-labeled.com\/?page_id=1353"},"modified":"2026-02-27T16:11:37","modified_gmt":"2026-02-27T15:11:37","slug":"raclette","status":"publish","type":"page","link":"http:\/\/merely-labeled.com\/?page_id=1353","title":{"rendered":"Raclette"},"content":{"rendered":"\t\t<div data-elementor-type=\"wp-page\" data-elementor-id=\"1353\" class=\"elementor elementor-1353\" data-elementor-post-type=\"page\">\n\t\t\t\t<div class=\"elementor-element elementor-element-4330a3c0 e-con-full e-flex e-con e-parent\" data-id=\"4330a3c0\" data-element_type=\"container\" data-e-type=\"container\" data-settings=\"{&quot;background_background&quot;:&quot;gradient&quot;}\">\n\t\t\t\t<div class=\"elementor-element elementor-element-71bbca97 elementor-widget elementor-widget-heading\" data-id=\"71bbca97\" data-element_type=\"widget\" data-e-type=\"widget\" data-widget_type=\"heading.default\">\n\t\t\t\t<div class=\"elementor-widget-container\">\n\t\t\t\t\t<h2 class=\"elementor-heading-title elementor-size-default\">Raclette<\/h2>\t\t\t\t<\/div>\n\t\t\t\t<\/div>\n\t\t\t\t<div class=\"elementor-element elementor-element-3b96a440 elementor-widget__width-inherit elementor-widget-divider--view-line elementor-invisible elementor-widget elementor-widget-divider\" data-id=\"3b96a440\" data-element_type=\"widget\" data-e-type=\"widget\" data-settings=\"{&quot;_animation&quot;:&quot;fadeInLeft&quot;}\" data-widget_type=\"divider.default\">\n\t\t\t\t<div class=\"elementor-widget-container\">\n\t\t\t\t\t\t\t<div class=\"elementor-divider\">\n\t\t\t<span class=\"elementor-divider-separator\">\n\t\t\t\t\t\t<\/span>\n\t\t<\/div>\n\t\t\t\t\t\t<\/div>\n\t\t\t\t<\/div>\n\t\t\t\t<div class=\"elementor-element elementor-element-10cb671f elementor-widget elementor-widget-text-editor\" data-id=\"10cb671f\" data-element_type=\"widget\" data-e-type=\"widget\" data-widget_type=\"text-editor.default\">\n\t\t\t\t<div class=\"elementor-widget-container\">\n\t\t\t\t\t\t\t\t\t<h4>Zutaten<\/h4><p><strong>Portionen: <\/strong>F\u00fcr 1 Person<\/p><p><strong>K\u00e4se (200\u2013250 g insgesamt)<\/strong><\/p><ul><li>Raclette-K\u00e4se<\/li><li>Gouda<\/li><\/ul><p><strong>Gem\u00fcse<\/strong><\/p><ul><li>200 g Kartoffeln (vorwiegend festkochend)<\/li><li>50 g Champignons<\/li><li>30 g Mais (aus der Dose)<\/li><li>1\/2 Zucchini<\/li><li>3\u20134 Spargelstangen (aus der Dose)<\/li><li>1\u20132 Pfefferoni oder Jalape\u00f1os<\/li><\/ul><p><strong>Fleisch (200\u2013250 g insgesamt)<\/strong><\/p><ul><li>H\u00fchnerbrust<\/li><li>Rindfleisch (z. B. Rinderfilet)<\/li><li>Faschierte B\u00e4llchen (Hackb\u00e4llchen)<\/li><\/ul><p><strong>Wurst &amp; Speck<\/strong><\/p><ul><li>50 g Mini-W\u00fcrstchen<\/li><li>25 g Speck<\/li><\/ul><p><strong>Beilagen<\/strong><\/p><ul><li>\u00bd Kr\u00e4uter-Baguette<\/li><li>Kr\u00e4uterbutter<\/li><li>Knoblauchso\u00dfe<\/li><li>Barbecue-So\u00dfe<\/li><li>Essiggurken<\/li><li>Silberzwiebeln<\/li><\/ul><p><strong>Salat<\/strong><\/p><ul><li>50 g Blattsalat (z. B. Rucola oder Feldsalat)<\/li><li>6\u20138 Cocktailtomaten<\/li><li>\u00bd Paprika (rot oder gelb)<\/li><li>\u00bc Gurke<\/li><\/ul><p><strong>Marinade f\u00fcr den Salat<\/strong><\/p><ul><li>1 EL Oliven\u00f6l<\/li><li>1 TL Wei\u00dfweinessig oder Apfelessig<\/li><li>\u00bd TL Dijon-Senf<\/li><li>\u00bd TL Honig oder Ahornsirup<\/li><li>1 Prise Salz<\/li><li>1 Prise Pfeffer<\/li><li>1\u20132 Bl\u00e4tter Basilikum oder Petersilie, fein gehackt<\/li><\/ul><p><strong>Zubereitung der Marinade:<\/strong><br \/>Alle Zutaten in einer kleinen Sch\u00fcssel gut verr\u00fchren, bis eine cremige Konsistenz entsteht. Den Salat direkt vor dem Servieren damit marinieren.<\/p>\t\t\t\t\t\t\t\t<\/div>\n\t\t\t\t<\/div>\n\t\t\t\t<\/div>\n\t\t\t\t<\/div>\n\t\t","protected":false},"excerpt":{"rendered":"<p>Raclette Zutaten Portionen: F\u00fcr 1 Person K\u00e4se (200\u2013250 g insgesamt) Raclette-K\u00e4se Gouda Gem\u00fcse 200 g Kartoffeln (vorwiegend festkochend) 50 g Champignons 30 g Mais (aus der Dose) 1\/2 Zucchini 3\u20134 Spargelstangen (aus der Dose) 1\u20132 Pfefferoni oder Jalape\u00f1os Fleisch (200\u2013250 g insgesamt) H\u00fchnerbrust Rindfleisch (z. B. Rinderfilet) Faschierte B\u00e4llchen (Hackb\u00e4llchen) Wurst &amp; Speck 50 g [&hellip;]<\/p>\n","protected":false},"author":1,"featured_media":0,"parent":9,"menu_order":0,"comment_status":"closed","ping_status":"closed","template":"elementor_header_footer","meta":{"footnotes":""},"class_list":["post-1353","page","type-page","status-publish","hentry"],"_links":{"self":[{"href":"http:\/\/merely-labeled.com\/index.php?rest_route=\/wp\/v2\/pages\/1353","targetHints":{"allow":["GET"]}}],"collection":[{"href":"http:\/\/merely-labeled.com\/index.php?rest_route=\/wp\/v2\/pages"}],"about":[{"href":"http:\/\/merely-labeled.com\/index.php?rest_route=\/wp\/v2\/types\/page"}],"author":[{"embeddable":true,"href":"http:\/\/merely-labeled.com\/index.php?rest_route=\/wp\/v2\/users\/1"}],"replies":[{"embeddable":true,"href":"http:\/\/merely-labeled.com\/index.php?rest_route=%2Fwp%2Fv2%2Fcomments&post=1353"}],"version-history":[{"count":7,"href":"http:\/\/merely-labeled.com\/index.php?rest_route=\/wp\/v2\/pages\/1353\/revisions"}],"predecessor-version":[{"id":1365,"href":"http:\/\/merely-labeled.com\/index.php?rest_route=\/wp\/v2\/pages\/1353\/revisions\/1365"}],"up":[{"embeddable":true,"href":"http:\/\/merely-labeled.com\/index.php?rest_route=\/wp\/v2\/pages\/9"}],"wp:attachment":[{"href":"http:\/\/merely-labeled.com\/index.php?rest_route=%2Fwp%2Fv2%2Fmedia&parent=1353"}],"curies":[{"name":"wp","href":"https:\/\/api.w.org\/{rel}","templated":true}]}}