{"id":1334,"date":"2024-12-10T21:12:03","date_gmt":"2024-12-10T20:12:03","guid":{"rendered":"http:\/\/merely-labeled.com\/?page_id=1334"},"modified":"2024-12-10T21:13:04","modified_gmt":"2024-12-10T20:13:04","slug":"selleriebraten","status":"publish","type":"page","link":"http:\/\/merely-labeled.com\/?page_id=1334","title":{"rendered":"Selleriebraten"},"content":{"rendered":"\t\t<div data-elementor-type=\"wp-page\" data-elementor-id=\"1334\" class=\"elementor elementor-1334\" data-elementor-post-type=\"page\">\n\t\t\t\t<div class=\"elementor-element elementor-element-53289aea e-con-full e-flex e-con e-parent\" data-id=\"53289aea\" data-element_type=\"container\" data-e-type=\"container\" data-settings=\"{&quot;background_background&quot;:&quot;gradient&quot;}\">\n\t\t\t\t<div class=\"elementor-element elementor-element-4ad8b9d9 elementor-widget elementor-widget-heading\" data-id=\"4ad8b9d9\" data-element_type=\"widget\" data-e-type=\"widget\" data-widget_type=\"heading.default\">\n\t\t\t\t<div class=\"elementor-widget-container\">\n\t\t\t\t\t<h2 class=\"elementor-heading-title elementor-size-default\">Selleriebraten<\/h2>\t\t\t\t<\/div>\n\t\t\t\t<\/div>\n\t\t\t\t<div class=\"elementor-element elementor-element-162fb9c8 elementor-widget__width-inherit elementor-widget-divider--view-line elementor-invisible elementor-widget elementor-widget-divider\" data-id=\"162fb9c8\" data-element_type=\"widget\" data-e-type=\"widget\" data-settings=\"{&quot;_animation&quot;:&quot;fadeInLeft&quot;}\" data-widget_type=\"divider.default\">\n\t\t\t\t<div class=\"elementor-widget-container\">\n\t\t\t\t\t\t\t<div class=\"elementor-divider\">\n\t\t\t<span class=\"elementor-divider-separator\">\n\t\t\t\t\t\t<\/span>\n\t\t<\/div>\n\t\t\t\t\t\t<\/div>\n\t\t\t\t<\/div>\n\t\t\t\t<div class=\"elementor-element elementor-element-4471c7f6 elementor-widget elementor-widget-text-editor\" data-id=\"4471c7f6\" data-element_type=\"widget\" data-e-type=\"widget\" data-widget_type=\"text-editor.default\">\n\t\t\t\t<div class=\"elementor-widget-container\">\n\t\t\t\t\t\t\t\t\t<p><strong>Portionen:<\/strong> f\u00fcr 2\u20133 Personen<\/p><h3>Zutaten<\/h3><h4>Gem\u00fcse<\/h4><ul><li><strong>1 Knolle<\/strong> Sellerie (gesch\u00e4lt, in halbe oder viertel Scheiben geschnitten)<\/li><li><strong>6 Karotten<\/strong> (in Scheiben geschnitten)<\/li><li><strong>1\/2 Kohl<\/strong> (grob gehackt)<\/li><li><strong>14 Kartoffeln<\/strong> (je nach Gr\u00f6\u00dfe halbiert oder geviertelt)<\/li><\/ul><h4>Bratensauce<\/h4><ul><li><strong>50 ml<\/strong> Wasser<\/li><li><strong>150 ml<\/strong> Oliven\u00f6l<\/li><li><strong>2 TL<\/strong> Salz<\/li><li><strong>1 EL<\/strong> Suppengew\u00fcrz<\/li><li><strong>1 Messerspitze<\/strong> Asaf\u00f6tida<\/li><li><strong>3\u20134 Zehen<\/strong> Knoblauch (gehackt)<\/li><li>Zitronenschale von <strong>1 Zitrone<\/strong> oder <strong>5 Tropfen<\/strong> Zitronen\u00f6l<\/li><\/ul><h3>Zubereitung<\/h3><ol><li>Das Gem\u00fcse gleichm\u00e4\u00dfig in einem Br\u00e4ter verteilen.<\/li><li>Die Zutaten f\u00fcr die Bratensauce gr\u00fcndlich vermischen und gleichm\u00e4\u00dfig \u00fcber das Gem\u00fcse gie\u00dfen.<\/li><li>Den Br\u00e4ter zugedeckt bei <strong>200\u00b0C<\/strong> im Ofen ca. <strong>40 Minuten<\/strong> backen. Nach <strong>20 Minuten<\/strong> das Gem\u00fcse umr\u00fchren und den Sellerie mit dem Saft \u00fcbergie\u00dfen.<\/li><li>Nach den ersten <strong>40 Minuten<\/strong> erneut umr\u00fchren und den Sellerie wieder mit dem Saft \u00fcbergie\u00dfen.<\/li><li>Den Br\u00e4ter bei <strong>200\u00b0C Umluft<\/strong> f\u00fcr weitere <strong>30 Minuten<\/strong> backen. Nach <strong>15 Minuten<\/strong> wieder umr\u00fchren und den Sellerie mit dem Saft \u00fcbergie\u00dfen.<\/li><li>Den Gabeltest machen, um sicherzustellen, dass der Sellerie weich ist. Falls nicht, den Braten bei <strong>Ober-\/Unterhitze<\/strong> weiter backen und gelegentlich umr\u00fchren. Bei Bedarf etwas Fl\u00fcssigkeit hinzuf\u00fcgen, falls zu viel verdampft ist.<\/li><\/ol><h3>Tipps &amp; Tricks<\/h3><ul><li><strong>Asaf\u00f6tida:<\/strong> F\u00fcr einen milderen Geschmack kann Asaf\u00f6tida durch eine kleine Menge Zwiebel- oder Knoblauchpulver ersetzt werden.<\/li><li><strong>Variation:<\/strong> Ersetze den halben Kohl durch anderes Gem\u00fcse wie Zucchini oder Pastinaken, wenn gew\u00fcnscht.<\/li><li><strong>Resteverwertung:<\/strong> Die Reste des Bratens lassen sich hervorragend zu einem Gem\u00fcseeintopf oder einer Gem\u00fcsepfanne weiterverarbeiten.<\/li><li><strong>Sauce binden:<\/strong> Wenn die Sauce nach dem Backen zu fl\u00fcssig ist, mit etwas Mehl oder St\u00e4rke abbinden, um eine cremigere Konsistenz zu erhalten.<\/li><\/ul>\t\t\t\t\t\t\t\t<\/div>\n\t\t\t\t<\/div>\n\t\t\t\t<\/div>\n\t\t\t\t<\/div>\n\t\t","protected":false},"excerpt":{"rendered":"<p>Selleriebraten Portionen: f\u00fcr 2\u20133 Personen Zutaten Gem\u00fcse 1 Knolle Sellerie (gesch\u00e4lt, in halbe oder viertel Scheiben geschnitten) 6 Karotten (in Scheiben geschnitten) 1\/2 Kohl (grob gehackt) 14 Kartoffeln (je nach Gr\u00f6\u00dfe halbiert oder geviertelt) Bratensauce 50 ml Wasser 150 ml Oliven\u00f6l 2 TL Salz 1 EL Suppengew\u00fcrz 1 Messerspitze Asaf\u00f6tida 3\u20134 Zehen Knoblauch (gehackt) Zitronenschale [&hellip;]<\/p>\n","protected":false},"author":1,"featured_media":0,"parent":0,"menu_order":0,"comment_status":"closed","ping_status":"closed","template":"elementor_header_footer","meta":{"footnotes":""},"class_list":["post-1334","page","type-page","status-publish","hentry"],"_links":{"self":[{"href":"http:\/\/merely-labeled.com\/index.php?rest_route=\/wp\/v2\/pages\/1334","targetHints":{"allow":["GET"]}}],"collection":[{"href":"http:\/\/merely-labeled.com\/index.php?rest_route=\/wp\/v2\/pages"}],"about":[{"href":"http:\/\/merely-labeled.com\/index.php?rest_route=\/wp\/v2\/types\/page"}],"author":[{"embeddable":true,"href":"http:\/\/merely-labeled.com\/index.php?rest_route=\/wp\/v2\/users\/1"}],"replies":[{"embeddable":true,"href":"http:\/\/merely-labeled.com\/index.php?rest_route=%2Fwp%2Fv2%2Fcomments&post=1334"}],"version-history":[{"count":4,"href":"http:\/\/merely-labeled.com\/index.php?rest_route=\/wp\/v2\/pages\/1334\/revisions"}],"predecessor-version":[{"id":1339,"href":"http:\/\/merely-labeled.com\/index.php?rest_route=\/wp\/v2\/pages\/1334\/revisions\/1339"}],"wp:attachment":[{"href":"http:\/\/merely-labeled.com\/index.php?rest_route=%2Fwp%2Fv2%2Fmedia&parent=1334"}],"curies":[{"name":"wp","href":"https:\/\/api.w.org\/{rel}","templated":true}]}}