{"id":1326,"date":"2024-12-07T09:45:51","date_gmt":"2024-12-07T08:45:51","guid":{"rendered":"http:\/\/merely-labeled.com\/?page_id=1326"},"modified":"2024-12-07T09:46:53","modified_gmt":"2024-12-07T08:46:53","slug":"vanillekipferl","status":"publish","type":"page","link":"http:\/\/merely-labeled.com\/?page_id=1326","title":{"rendered":"Vanillekipferl"},"content":{"rendered":"\t\t<div data-elementor-type=\"wp-page\" data-elementor-id=\"1326\" class=\"elementor elementor-1326\" data-elementor-post-type=\"page\">\n\t\t\t\t<div class=\"elementor-element elementor-element-7b52737f e-con-full e-flex e-con e-parent\" data-id=\"7b52737f\" data-element_type=\"container\" data-e-type=\"container\" data-settings=\"{&quot;background_background&quot;:&quot;gradient&quot;}\">\n\t\t\t\t<div class=\"elementor-element elementor-element-75795203 elementor-widget elementor-widget-heading\" data-id=\"75795203\" data-element_type=\"widget\" data-e-type=\"widget\" data-widget_type=\"heading.default\">\n\t\t\t\t<div class=\"elementor-widget-container\">\n\t\t\t\t\t<h2 class=\"elementor-heading-title elementor-size-default\">Vanillekipferl<\/h2>\t\t\t\t<\/div>\n\t\t\t\t<\/div>\n\t\t\t\t<div class=\"elementor-element elementor-element-3ecfaef elementor-widget__width-inherit elementor-widget-divider--view-line elementor-invisible elementor-widget elementor-widget-divider\" data-id=\"3ecfaef\" data-element_type=\"widget\" data-e-type=\"widget\" data-settings=\"{&quot;_animation&quot;:&quot;fadeInLeft&quot;}\" data-widget_type=\"divider.default\">\n\t\t\t\t<div class=\"elementor-widget-container\">\n\t\t\t\t\t\t\t<div class=\"elementor-divider\">\n\t\t\t<span class=\"elementor-divider-separator\">\n\t\t\t\t\t\t<\/span>\n\t\t<\/div>\n\t\t\t\t\t\t<\/div>\n\t\t\t\t<\/div>\n\t\t\t\t<div class=\"elementor-element elementor-element-2445c813 elementor-widget elementor-widget-text-editor\" data-id=\"2445c813\" data-element_type=\"widget\" data-e-type=\"widget\" data-widget_type=\"text-editor.default\">\n\t\t\t\t<div class=\"elementor-widget-container\">\n\t\t\t\t\t\t\t\t\t<strong>Portionen:<\/strong> f\u00fcr ca. 80-100 St\u00fcck\n<h3>Zutaten<\/h3>\n<ul>\n \t<li><strong>560 g<\/strong> Mehl<\/li>\n \t<li><strong>160 g<\/strong> Staubzucker<\/li>\n \t<li><strong>400 g<\/strong> weiche Butter oder Margarine<\/li>\n \t<li><strong>200 g<\/strong> gemahlene Haseln\u00fcsse<\/li>\n \t<li><strong>150 g<\/strong> Staubzucker (zum Wenden)<\/li>\n \t<li><strong>6 P\u00e4ckchen<\/strong> Vanillezucker<\/li>\n<\/ul>\n\n<h3>Zubereitung<\/h3>\n<ol>\n \t<li><strong>Teig zubereiten:<\/strong>\n<strong>560 g Mehl<\/strong>, <strong>160 g Staubzucker<\/strong>, <strong>400 g Butter<\/strong> und <strong>200 g gemahlene Haseln\u00fcsse<\/strong> mit einem Knethaken oder von Hand zu einem glatten Teig verkneten. Den Teig in Frischhaltefolie wickeln und mindestens <strong>1 Stunde im K\u00fchlschrank<\/strong> ruhen lassen.<\/li>\n \t<li><strong>Kipferl formen:<\/strong>\nNach der K\u00fchlzeit eine gro\u00dfe Handvoll Teig entnehmen, zu einer Rolle formen und kleine St\u00fccke abschneiden. Diese St\u00fccke zu Kipferl formen und auf ein mit Backpapier belegtes Blech legen.<\/li>\n \t<li><strong>Backen:<\/strong>\nDie Kipferl auf der <strong>zweiten Schiene von unten<\/strong> bei <strong>175 \u00b0C Ober-\/Unterhitze<\/strong> f\u00fcr <strong>10-15 Minuten<\/strong> backen, bis sie goldgelb sind.<\/li>\n \t<li><strong>Wenden:<\/strong>\n<strong>150 g Staubzucker<\/strong> und <strong>6 P\u00e4ckchen Vanillezucker<\/strong> in einer Sch\u00fcssel vermischen. Die Kipferl noch warm vorsichtig darin wenden, bis sie vollst\u00e4ndig mit der Zucker-Vanille-Mischung \u00fcberzogen sind.<\/li>\n<\/ol>\n\n<h3>Tipps &amp; Tricks<\/h3>\n<ul>\n \t<li><strong>K\u00fchlzeit optimieren:<\/strong> Der Teig l\u00e4sst sich einfacher verarbeiten, wenn er gut gek\u00fchlt ist. Bei Bedarf zwischendurch erneut in den K\u00fchlschrank stellen.<\/li>\n \t<li><strong>N\u00fcsse variieren:<\/strong> Statt Haseln\u00fcssen k\u00f6nnen auch Mandeln verwendet werden, f\u00fcr eine mildere Note.<\/li>\n \t<li><strong>Aufbewahrung:<\/strong> Vanillekipferl halten in einer gut verschlossenen Dose an einem k\u00fchlen Ort bis zu 3 Wochen frisch und werden mit der Zeit sogar noch aromatischer.<\/li>\n \t<li><strong>Zucker schonen:<\/strong> Beim Wenden die Kipferl vorsichtig anfassen, damit sie nicht brechen und der Zucker gut haften bleibt.<\/li>\n<\/ul>\t\t\t\t\t\t\t\t<\/div>\n\t\t\t\t<\/div>\n\t\t\t\t<\/div>\n\t\t\t\t<\/div>\n\t\t","protected":false},"excerpt":{"rendered":"<p>Vanillekipferl Portionen: f\u00fcr ca. 80-100 St\u00fcck Zutaten 560 g Mehl 160 g Staubzucker 400 g weiche Butter oder Margarine 200 g gemahlene Haseln\u00fcsse 150 g Staubzucker (zum Wenden) 6 P\u00e4ckchen Vanillezucker Zubereitung Teig zubereiten: 560 g Mehl, 160 g Staubzucker, 400 g Butter und 200 g gemahlene Haseln\u00fcsse mit einem Knethaken oder von Hand zu [&hellip;]<\/p>\n","protected":false},"author":1,"featured_media":0,"parent":0,"menu_order":0,"comment_status":"closed","ping_status":"closed","template":"elementor_header_footer","meta":{"footnotes":""},"class_list":["post-1326","page","type-page","status-publish","hentry"],"_links":{"self":[{"href":"http:\/\/merely-labeled.com\/index.php?rest_route=\/wp\/v2\/pages\/1326","targetHints":{"allow":["GET"]}}],"collection":[{"href":"http:\/\/merely-labeled.com\/index.php?rest_route=\/wp\/v2\/pages"}],"about":[{"href":"http:\/\/merely-labeled.com\/index.php?rest_route=\/wp\/v2\/types\/page"}],"author":[{"embeddable":true,"href":"http:\/\/merely-labeled.com\/index.php?rest_route=\/wp\/v2\/users\/1"}],"replies":[{"embeddable":true,"href":"http:\/\/merely-labeled.com\/index.php?rest_route=%2Fwp%2Fv2%2Fcomments&post=1326"}],"version-history":[{"count":3,"href":"http:\/\/merely-labeled.com\/index.php?rest_route=\/wp\/v2\/pages\/1326\/revisions"}],"predecessor-version":[{"id":1330,"href":"http:\/\/merely-labeled.com\/index.php?rest_route=\/wp\/v2\/pages\/1326\/revisions\/1330"}],"wp:attachment":[{"href":"http:\/\/merely-labeled.com\/index.php?rest_route=%2Fwp%2Fv2%2Fmedia&parent=1326"}],"curies":[{"name":"wp","href":"https:\/\/api.w.org\/{rel}","templated":true}]}}