{"id":1317,"date":"2024-12-07T09:42:08","date_gmt":"2024-12-07T08:42:08","guid":{"rendered":"http:\/\/merely-labeled.com\/?page_id=1317"},"modified":"2024-12-07T09:43:19","modified_gmt":"2024-12-07T08:43:19","slug":"koettbullar-mit-erdaepfelpueree-thermomix-tm6","status":"publish","type":"page","link":"http:\/\/merely-labeled.com\/?page_id=1317","title":{"rendered":"K\u00f6ttbullar mit Erd\u00e4pfelp\u00fcree (Thermomix TM6)"},"content":{"rendered":"\t\t<div data-elementor-type=\"wp-page\" data-elementor-id=\"1317\" class=\"elementor elementor-1317\" data-elementor-post-type=\"page\">\n\t\t\t\t<div class=\"elementor-element elementor-element-6ae4fc92 e-con-full e-flex e-con e-parent\" data-id=\"6ae4fc92\" data-element_type=\"container\" data-e-type=\"container\" data-settings=\"{&quot;background_background&quot;:&quot;gradient&quot;}\">\n\t\t\t\t<div class=\"elementor-element elementor-element-3a22e400 elementor-widget elementor-widget-heading\" data-id=\"3a22e400\" data-element_type=\"widget\" data-e-type=\"widget\" data-widget_type=\"heading.default\">\n\t\t\t\t<div class=\"elementor-widget-container\">\n\t\t\t\t\t<h2 class=\"elementor-heading-title elementor-size-default\">K\u00f6ttbullar mit Erd\u00e4pfelp\u00fcree (Thermomix TM6)<\/h2>\t\t\t\t<\/div>\n\t\t\t\t<\/div>\n\t\t\t\t<div class=\"elementor-element elementor-element-bed8d5a elementor-widget__width-inherit elementor-widget-divider--view-line elementor-invisible elementor-widget elementor-widget-divider\" data-id=\"bed8d5a\" data-element_type=\"widget\" data-e-type=\"widget\" data-settings=\"{&quot;_animation&quot;:&quot;fadeInLeft&quot;}\" data-widget_type=\"divider.default\">\n\t\t\t\t<div class=\"elementor-widget-container\">\n\t\t\t\t\t\t\t<div class=\"elementor-divider\">\n\t\t\t<span class=\"elementor-divider-separator\">\n\t\t\t\t\t\t<\/span>\n\t\t<\/div>\n\t\t\t\t\t\t<\/div>\n\t\t\t\t<\/div>\n\t\t\t\t<div class=\"elementor-element elementor-element-6c491e8b elementor-widget elementor-widget-text-editor\" data-id=\"6c491e8b\" data-element_type=\"widget\" data-e-type=\"widget\" data-widget_type=\"text-editor.default\">\n\t\t\t\t<div class=\"elementor-widget-container\">\n\t\t\t\t\t\t\t\t\t<strong>Portionen:<\/strong> f\u00fcr 6-8 Personen\n<h3>Zutaten<\/h3>\n<h4>F\u00fcr das Erd\u00e4pfelp\u00fcree:<\/h4>\n<ul>\n \t<li><strong>1000 g<\/strong> Erd\u00e4pfel, mehlig (gesch\u00e4lt)<\/li>\n \t<li><strong>300 g<\/strong> Mandel- oder Hafermilch<\/li>\n \t<li><strong>20 g<\/strong> Butter<\/li>\n \t<li><strong>1 TL<\/strong> Salz<\/li>\n \t<li><strong>1-2 Prisen<\/strong> Muskatnuss, gemahlen<\/li>\n<\/ul>\n<h4>F\u00fcr die Fleischb\u00e4llchen (doppelte Menge):<\/h4>\n<ul>\n \t<li><strong>1000 g<\/strong> Faschiertes (vom Rind)<\/li>\n \t<li><strong>100 g<\/strong> Semmelbr\u00f6sel (+ etwas mehr zum W\u00e4lzen)<\/li>\n \t<li><strong>2<\/strong> Eier (Gr\u00f6\u00dfe M)<\/li>\n \t<li><strong>2 Messerspitzen<\/strong> Asaf\u00f6tida<\/li>\n \t<li><strong>1 TL<\/strong> Salz<\/li>\n \t<li><strong>4-6 Prisen<\/strong> Muskatnuss, gemahlen<\/li>\n \t<li><strong>2 Prisen<\/strong> Piment, gemahlen<\/li>\n \t<li><strong>2 Prisen<\/strong> Pfeffer, frisch gemahlen<\/li>\n \t<li><strong>3-4 EL<\/strong> Butterschmalz (zum Braten)<\/li>\n<\/ul>\n<h4>F\u00fcr die Sauce (doppelte Menge):<\/h4>\n<ul>\n \t<li><strong>6 St\u00e4ngel<\/strong> Petersilie (Bl\u00e4ttchen abgezupft)<\/li>\n \t<li><strong>800 g<\/strong> Wasser<\/li>\n \t<li><strong>80 g<\/strong> Butter<\/li>\n \t<li><strong>4 TL<\/strong> Gew\u00fcrzpaste f\u00fcr Gem\u00fcsebr\u00fche (selbst gemacht)<\/li>\n \t<li><strong>40 g<\/strong> Worcestersauce<\/li>\n \t<li><strong>4 TL<\/strong> Dijonsenf<\/li>\n \t<li><strong>400 g<\/strong> Schlagobers<\/li>\n \t<li><strong>120 g<\/strong> Weizenmehl, glatt<\/li>\n<\/ul>\n\n<h3>Zubereitung<\/h3>\n<h4>Erd\u00e4pfelp\u00fcree:<\/h4>\n<ol>\n \t<li><strong>1000 g Erd\u00e4pfel<\/strong> in reichlich Wasser weich kochen. W\u00e4hrenddessen mit den Fleischb\u00e4llchen und der Sauce im Thermomix fortfahren.<\/li>\n \t<li>Die gekochten Erd\u00e4pfel abseihen, stampfen und mit <strong>300 g Mandel- oder Hafermilch<\/strong>, <strong>20 g Butter<\/strong>, <strong>1 TL Salz<\/strong> und <strong>1-2 Prisen Muskatnuss<\/strong> vermischen.<\/li>\n<\/ol>\n<h4>Fleischb\u00e4llchen:<\/h4>\n<ol>\n \t<li><strong>6 St\u00e4ngel Petersilie<\/strong> in den Mixtopf geben und <strong>5 Sek.\/Stufe 5<\/strong> zerkleinern. Mit dem Spatel nach unten schieben.<\/li>\n \t<li><strong>1000 g Faschiertes<\/strong>, <strong>100 g Semmelbr\u00f6sel<\/strong>, <strong>2 Eier<\/strong>, <strong>Asaf\u00f6tida<\/strong>, <strong>1 TL Salz<\/strong>, <strong>Muskatnuss<\/strong>, <strong>Piment<\/strong> und <strong>Pfeffer<\/strong> in den Mixtopf geben. <strong>1 Min.\/Stufe 3<\/strong> mischen.<\/li>\n \t<li>Aus der Masse 40 Fleischb\u00e4llchen (\u00e0 ca. 35 g, \u00d8 3-4 cm) formen und in Semmelbr\u00f6seln w\u00e4lzen. Im Varoma-Beh\u00e4lter und Einlegeboden verteilen. Varoma verschlie\u00dfen.<\/li>\n \t<li><strong>800 g Wasser<\/strong>, <strong>80 g Butter<\/strong>, <strong>4 TL Gew\u00fcrzpaste<\/strong>, <strong>40 g Worcestersauce<\/strong> und <strong>4 TL Dijonsenf<\/strong> in den Mixtopf geben. Varoma aufsetzen und <strong>25 Min.\/Varoma\/Stufe 1<\/strong> garen.<\/li>\n<\/ol>\n<h4>Sauce und Fertigstellung:<\/h4>\n<ol>\n \t<li>Nach der Garzeit Varoma absetzen. <strong>400 g Schlagobers<\/strong> und <strong>120 g Weizenmehl<\/strong> in den Mixtopf geben. Sauce <strong>7 Min.\/Varoma\/Stufe 1<\/strong> aufkochen.<\/li>\n \t<li>Parallel <strong>3-4 EL Butterschmalz<\/strong> in einer gro\u00dfen Pfanne erhitzen und die Fleischb\u00e4llchen bei mittlerer Hitze von allen Seiten braten. Eventuell portionsweise arbeiten.<\/li>\n \t<li>Die Sauce aus dem Thermomix \u00fcber die Fleischb\u00e4llchen in die Pfanne geben, nochmals kurz aufkochen lassen und bei niedriger Temperatur ziehen lassen.<\/li>\n<\/ol>\n\n<h3>Tipps &amp; Tricks<\/h3>\n<ul>\n \t<li>F\u00fcr ein gleichm\u00e4\u00dfiges Braten der Fleischb\u00e4llchen kann eine zweite Pfanne verwendet werden.<\/li>\n \t<li>Sollten alle Fleischb\u00e4llchen nicht gleichzeitig in den Varoma passen, k\u00f6nnen sie in zwei Etappen gegart werden. Die bereits gegarten Fleischb\u00e4llchen k\u00f6nnen im Backofen warmgehalten werden.<\/li>\n \t<li>Die Sauce l\u00e4sst sich nach Belieben mit einem zus\u00e4tzlichen Spritzer Worcestersauce abschmecken.<\/li>\n \t<li>Erd\u00e4pfelp\u00fcree kann vor dem Servieren in einer Sch\u00fcssel \u00fcber einem warmen Wasserbad warmgehalten werden.<\/li>\n<\/ul>\t\t\t\t\t\t\t\t<\/div>\n\t\t\t\t<\/div>\n\t\t\t\t<\/div>\n\t\t\t\t<\/div>\n\t\t","protected":false},"excerpt":{"rendered":"<p>K\u00f6ttbullar mit Erd\u00e4pfelp\u00fcree (Thermomix TM6) Portionen: f\u00fcr 6-8 Personen Zutaten F\u00fcr das Erd\u00e4pfelp\u00fcree: 1000 g Erd\u00e4pfel, mehlig (gesch\u00e4lt) 300 g Mandel- oder Hafermilch 20 g Butter 1 TL Salz 1-2 Prisen Muskatnuss, gemahlen F\u00fcr die Fleischb\u00e4llchen (doppelte Menge): 1000 g Faschiertes (vom Rind) 100 g Semmelbr\u00f6sel (+ etwas mehr zum W\u00e4lzen) 2 Eier (Gr\u00f6\u00dfe M) [&hellip;]<\/p>\n","protected":false},"author":1,"featured_media":0,"parent":0,"menu_order":0,"comment_status":"closed","ping_status":"closed","template":"elementor_header_footer","meta":{"footnotes":""},"class_list":["post-1317","page","type-page","status-publish","hentry"],"_links":{"self":[{"href":"http:\/\/merely-labeled.com\/index.php?rest_route=\/wp\/v2\/pages\/1317","targetHints":{"allow":["GET"]}}],"collection":[{"href":"http:\/\/merely-labeled.com\/index.php?rest_route=\/wp\/v2\/pages"}],"about":[{"href":"http:\/\/merely-labeled.com\/index.php?rest_route=\/wp\/v2\/types\/page"}],"author":[{"embeddable":true,"href":"http:\/\/merely-labeled.com\/index.php?rest_route=\/wp\/v2\/users\/1"}],"replies":[{"embeddable":true,"href":"http:\/\/merely-labeled.com\/index.php?rest_route=%2Fwp%2Fv2%2Fcomments&post=1317"}],"version-history":[{"count":4,"href":"http:\/\/merely-labeled.com\/index.php?rest_route=\/wp\/v2\/pages\/1317\/revisions"}],"predecessor-version":[{"id":1322,"href":"http:\/\/merely-labeled.com\/index.php?rest_route=\/wp\/v2\/pages\/1317\/revisions\/1322"}],"wp:attachment":[{"href":"http:\/\/merely-labeled.com\/index.php?rest_route=%2Fwp%2Fv2%2Fmedia&parent=1317"}],"curies":[{"name":"wp","href":"https:\/\/api.w.org\/{rel}","templated":true}]}}