{"id":1274,"date":"2024-10-18T12:48:34","date_gmt":"2024-10-18T10:48:34","guid":{"rendered":"http:\/\/merely-labeled.com\/?page_id=1274"},"modified":"2026-02-27T16:13:42","modified_gmt":"2026-02-27T15:13:42","slug":"ofengemuese","status":"publish","type":"page","link":"http:\/\/merely-labeled.com\/?page_id=1274","title":{"rendered":"Ofengem\u00fcse"},"content":{"rendered":"\t\t<div data-elementor-type=\"wp-page\" data-elementor-id=\"1274\" class=\"elementor elementor-1274\" data-elementor-post-type=\"page\">\n\t\t\t\t<div class=\"elementor-element elementor-element-4d14e888 e-con-full e-flex e-con e-parent\" data-id=\"4d14e888\" data-element_type=\"container\" data-e-type=\"container\" data-settings=\"{&quot;background_background&quot;:&quot;gradient&quot;}\">\n\t\t\t\t<div class=\"elementor-element elementor-element-56f8a7e1 elementor-widget elementor-widget-heading\" data-id=\"56f8a7e1\" data-element_type=\"widget\" data-e-type=\"widget\" data-widget_type=\"heading.default\">\n\t\t\t\t<div class=\"elementor-widget-container\">\n\t\t\t\t\t<h2 class=\"elementor-heading-title elementor-size-default\">Ofengem\u00fcse<\/h2>\t\t\t\t<\/div>\n\t\t\t\t<\/div>\n\t\t\t\t<div class=\"elementor-element elementor-element-2af90f28 elementor-widget__width-inherit elementor-widget-divider--view-line elementor-invisible elementor-widget elementor-widget-divider\" data-id=\"2af90f28\" data-element_type=\"widget\" data-e-type=\"widget\" data-settings=\"{&quot;_animation&quot;:&quot;fadeInLeft&quot;}\" data-widget_type=\"divider.default\">\n\t\t\t\t<div class=\"elementor-widget-container\">\n\t\t\t\t\t\t\t<div class=\"elementor-divider\">\n\t\t\t<span class=\"elementor-divider-separator\">\n\t\t\t\t\t\t<\/span>\n\t\t<\/div>\n\t\t\t\t\t\t<\/div>\n\t\t\t\t<\/div>\n\t\t\t\t<div class=\"elementor-element elementor-element-5f7ad193 elementor-widget elementor-widget-text-editor\" data-id=\"5f7ad193\" data-element_type=\"widget\" data-e-type=\"widget\" data-widget_type=\"text-editor.default\">\n\t\t\t\t<div class=\"elementor-widget-container\">\n\t\t\t\t\t\t\t\t\t<p><strong>Portionen:<\/strong> 2<\/p><h3>Zutaten<\/h3><ul><li><strong>250 g<\/strong> Kartoffeln (in mundgerechte St\u00fccke geschnitten)<\/li><li><strong>250 g<\/strong> S\u00fc\u00dfkartoffeln (in mundgerechte St\u00fccke geschnitten)<\/li><li><strong>1<\/strong> Zucchini (in mundgerechte St\u00fccke geschnitten)<\/li><li><strong>1<\/strong> Paprikaschote (in mundgerechte St\u00fccke geschnitten)<\/li><li><strong>1<\/strong> R\u00e4uchertofu (gew\u00fcrfelt)<\/li><li><strong>200 g<\/strong> Cherrytomaten<\/li><li><strong>Oliven\u00f6l<\/strong> (nach Geschmack)<\/li><li><strong>1 TL<\/strong> Salz<\/li><li><strong>Pfeffer<\/strong> (nach Geschmack)<\/li><li><strong>3<\/strong> Zehen Knoblauch (gehackt)<\/li><li><strong>ein paar<\/strong> Zweige frische Kr\u00e4uter (z.B. Rosmarin, Thymian, Oregano, etc. \u2013 gezupft)<\/li><\/ul><h3>Zubereitung<\/h3><ol><li><strong>Gem\u00fcse vorbereiten:<\/strong> Alle Zutaten (<strong>250 g Kartoffeln<\/strong>, <strong>250 g S\u00fc\u00dfkartoffeln<\/strong>, <strong>1 Zucchini<\/strong>, <strong>1 Paprikaschote<\/strong>, <strong>1 R\u00e4uchertofu<\/strong>, <strong>200 g Cherrytomaten<\/strong>, <strong>3 Zehen Knoblauch<\/strong>) in einer gro\u00dfen Sch\u00fcssel vermengen.<\/li><li><strong>W\u00fcrzen:<\/strong> <strong>Oliven\u00f6l<\/strong> (nach Geschmack) und <strong>1 TL Salz<\/strong> sowie <strong>Pfeffer<\/strong> (nach Geschmack) hinzuf\u00fcgen und alles gut vermischen.<\/li><li><strong>Backen:<\/strong> Die Mischung gleichm\u00e4\u00dfig auf ein mit Backpapier ausgelegtes Backblech verteilen.<\/li><li><strong>Im Ofen garen:<\/strong> Im Backofen bei 200 \u00b0C, Ober-\/Unterhitze f\u00fcr ca. 30 Minuten backen, bis die Kartoffeln durch sind.<\/li><\/ol><h3>Tipps &amp; Tricks<\/h3><ul><li><strong>Variation:<\/strong> Du kannst das Ofengem\u00fcse mit anderen Gem\u00fcsesorten wie Karotten oder Brokkoli variieren.<\/li><li><strong>Resteverwertung:<\/strong> Reste k\u00f6nnen gut in einer Sch\u00fcssel mit Quinoa oder Reis vermischt werden.<\/li><li><strong>Kr\u00e4uter:<\/strong> Experimentiere mit verschiedenen Kr\u00e4utern, um neue Geschm\u00e4cker zu entdecken.<\/li><\/ul>\t\t\t\t\t\t\t\t<\/div>\n\t\t\t\t<\/div>\n\t\t\t\t<\/div>\n\t\t\t\t<\/div>\n\t\t","protected":false},"excerpt":{"rendered":"<p>Ofengem\u00fcse Portionen: 2 Zutaten 250 g Kartoffeln (in mundgerechte St\u00fccke geschnitten) 250 g S\u00fc\u00dfkartoffeln (in mundgerechte St\u00fccke geschnitten) 1 Zucchini (in mundgerechte St\u00fccke geschnitten) 1 Paprikaschote (in mundgerechte St\u00fccke geschnitten) 1 R\u00e4uchertofu (gew\u00fcrfelt) 200 g Cherrytomaten Oliven\u00f6l (nach Geschmack) 1 TL Salz Pfeffer (nach Geschmack) 3 Zehen Knoblauch (gehackt) ein paar Zweige frische Kr\u00e4uter (z.B. [&hellip;]<\/p>\n","protected":false},"author":1,"featured_media":0,"parent":9,"menu_order":0,"comment_status":"closed","ping_status":"closed","template":"elementor_header_footer","meta":{"footnotes":""},"class_list":["post-1274","page","type-page","status-publish","hentry"],"_links":{"self":[{"href":"http:\/\/merely-labeled.com\/index.php?rest_route=\/wp\/v2\/pages\/1274","targetHints":{"allow":["GET"]}}],"collection":[{"href":"http:\/\/merely-labeled.com\/index.php?rest_route=\/wp\/v2\/pages"}],"about":[{"href":"http:\/\/merely-labeled.com\/index.php?rest_route=\/wp\/v2\/types\/page"}],"author":[{"embeddable":true,"href":"http:\/\/merely-labeled.com\/index.php?rest_route=\/wp\/v2\/users\/1"}],"replies":[{"embeddable":true,"href":"http:\/\/merely-labeled.com\/index.php?rest_route=%2Fwp%2Fv2%2Fcomments&post=1274"}],"version-history":[{"count":4,"href":"http:\/\/merely-labeled.com\/index.php?rest_route=\/wp\/v2\/pages\/1274\/revisions"}],"predecessor-version":[{"id":1278,"href":"http:\/\/merely-labeled.com\/index.php?rest_route=\/wp\/v2\/pages\/1274\/revisions\/1278"}],"up":[{"embeddable":true,"href":"http:\/\/merely-labeled.com\/index.php?rest_route=\/wp\/v2\/pages\/9"}],"wp:attachment":[{"href":"http:\/\/merely-labeled.com\/index.php?rest_route=%2Fwp%2Fv2%2Fmedia&parent=1274"}],"curies":[{"name":"wp","href":"https:\/\/api.w.org\/{rel}","templated":true}]}}