{"id":1246,"date":"2024-10-04T20:31:54","date_gmt":"2024-10-04T18:31:54","guid":{"rendered":"http:\/\/merely-labeled.com\/?page_id=1246"},"modified":"2026-02-27T16:14:48","modified_gmt":"2026-02-27T15:14:48","slug":"champignon-suppe-thermomix-tm-6","status":"publish","type":"page","link":"http:\/\/merely-labeled.com\/?page_id=1246","title":{"rendered":"Champignon-Suppe (Thermomix TM 6)"},"content":{"rendered":"\t\t<div data-elementor-type=\"wp-page\" data-elementor-id=\"1246\" class=\"elementor elementor-1246\" data-elementor-post-type=\"page\">\n\t\t\t\t<div class=\"elementor-element elementor-element-43c8f01b e-con-full e-flex e-con e-parent\" data-id=\"43c8f01b\" data-element_type=\"container\" data-e-type=\"container\" data-settings=\"{&quot;background_background&quot;:&quot;gradient&quot;}\">\n\t\t\t\t<div class=\"elementor-element elementor-element-2b3b4b9a elementor-widget elementor-widget-heading\" data-id=\"2b3b4b9a\" data-element_type=\"widget\" data-e-type=\"widget\" data-widget_type=\"heading.default\">\n\t\t\t\t<div class=\"elementor-widget-container\">\n\t\t\t\t\t<h2 class=\"elementor-heading-title elementor-size-default\">Champignon-Suppe (Thermomix TM 6)<\/h2>\t\t\t\t<\/div>\n\t\t\t\t<\/div>\n\t\t\t\t<div class=\"elementor-element elementor-element-878c7f3 elementor-widget__width-inherit elementor-widget-divider--view-line elementor-invisible elementor-widget elementor-widget-divider\" data-id=\"878c7f3\" data-element_type=\"widget\" data-e-type=\"widget\" data-settings=\"{&quot;_animation&quot;:&quot;fadeInLeft&quot;}\" data-widget_type=\"divider.default\">\n\t\t\t\t<div class=\"elementor-widget-container\">\n\t\t\t\t\t\t\t<div class=\"elementor-divider\">\n\t\t\t<span class=\"elementor-divider-separator\">\n\t\t\t\t\t\t<\/span>\n\t\t<\/div>\n\t\t\t\t\t\t<\/div>\n\t\t\t\t<\/div>\n\t\t\t\t<div class=\"elementor-element elementor-element-37a6bf55 elementor-widget elementor-widget-text-editor\" data-id=\"37a6bf55\" data-element_type=\"widget\" data-e-type=\"widget\" data-widget_type=\"text-editor.default\">\n\t\t\t\t<div class=\"elementor-widget-container\">\n\t\t\t\t\t\t\t\t\t<p><strong>Portionen:<\/strong> 4 Personen<\/p><h3>Zutaten<\/h3><p><strong>500 g<\/strong> Champignons, geputzt und in St\u00fccke geschnitten<br \/><strong>1<\/strong> Zwiebel, halbiert<br \/><strong>2 EL<\/strong> Oliven\u00f6l<br \/><strong>750 ml<\/strong> Gem\u00fcsebr\u00fche<br \/><strong>200 ml<\/strong> Sahne (oder eine pflanzliche Alternative)<br \/><strong>1 TL<\/strong> Salz<br \/><strong>1\/2 TL<\/strong> Pfeffer (optional, je nach Geschmack)<br \/><strong>1\/2 TL<\/strong> Muskatnuss (optional)<br \/><strong>Frische Petersilie<\/strong> zum Garnieren<\/p><h3>Zubereitung<\/h3><h4>Zwiebel zerkleinern<\/h4><ol><li>Die <strong>Zwiebel<\/strong> in den Mixtopf geben und <strong>5 Sekunden auf Stufe 5<\/strong> zerkleinern.<\/li><li>Mit dem Spatel nach unten schieben.<\/li><\/ol><h4>Champignons and\u00fcnsten<\/h4><ol start=\"3\"><li>Die <strong>Champignons<\/strong> und das <strong>Oliven\u00f6l<\/strong> in den Mixtopf geben und <strong>3 Minuten bei 100 \u00b0C auf Stufe 1<\/strong> and\u00fcnsten.<\/li><\/ol><h4>Suppe kochen<\/h4><ol start=\"4\"><li>Die <strong>Gem\u00fcsebr\u00fche<\/strong>, das <strong>Salz<\/strong>, den <strong>Pfeffer<\/strong> und die <strong>Muskatnuss<\/strong> (falls verwendet) hinzuf\u00fcgen.<\/li><li><strong>15 Minuten bei 100 \u00b0C auf Stufe 1<\/strong> garen.<\/li><\/ol><h4>P\u00fcrieren<\/h4><ol start=\"6\"><li>Nach dem Garen die <strong>Sahne<\/strong> hinzuf\u00fcgen und die Suppe <strong>30 Sekunden auf Stufe 10<\/strong> p\u00fcrieren, bis sie cremig ist.<\/li><\/ol><h3>Tipps &amp; Tricks<\/h3><ul><li><strong>Garnitur:<\/strong> Die Suppe kann mit frischer Petersilie garniert werden, um zus\u00e4tzlichen Geschmack und Farbe zu verleihen.<\/li><li><strong>Konsistenz:<\/strong> F\u00fcr eine dickere Suppe kannst du die Menge der Sahne reduzieren oder zus\u00e4tzlich ein wenig Speisest\u00e4rke verwenden.<\/li><li><strong>Variationen:<\/strong> F\u00fcge weitere Gem\u00fcse wie Karotten oder Sellerie hinzu, um die Suppe zu variieren und noch n\u00e4hrstoffreicher zu gestalten.<\/li><\/ul>\t\t\t\t\t\t\t\t<\/div>\n\t\t\t\t<\/div>\n\t\t\t\t<\/div>\n\t\t\t\t<\/div>\n\t\t","protected":false},"excerpt":{"rendered":"<p>Champignon-Suppe (Thermomix TM 6) Portionen: 4 Personen Zutaten 500 g Champignons, geputzt und in St\u00fccke geschnitten1 Zwiebel, halbiert2 EL Oliven\u00f6l750 ml Gem\u00fcsebr\u00fche200 ml Sahne (oder eine pflanzliche Alternative)1 TL Salz1\/2 TL Pfeffer (optional, je nach Geschmack)1\/2 TL Muskatnuss (optional)Frische Petersilie zum Garnieren Zubereitung Zwiebel zerkleinern Die Zwiebel in den Mixtopf geben und 5 Sekunden auf [&hellip;]<\/p>\n","protected":false},"author":1,"featured_media":0,"parent":9,"menu_order":0,"comment_status":"closed","ping_status":"closed","template":"elementor_header_footer","meta":{"footnotes":""},"class_list":["post-1246","page","type-page","status-publish","hentry"],"_links":{"self":[{"href":"http:\/\/merely-labeled.com\/index.php?rest_route=\/wp\/v2\/pages\/1246","targetHints":{"allow":["GET"]}}],"collection":[{"href":"http:\/\/merely-labeled.com\/index.php?rest_route=\/wp\/v2\/pages"}],"about":[{"href":"http:\/\/merely-labeled.com\/index.php?rest_route=\/wp\/v2\/types\/page"}],"author":[{"embeddable":true,"href":"http:\/\/merely-labeled.com\/index.php?rest_route=\/wp\/v2\/users\/1"}],"replies":[{"embeddable":true,"href":"http:\/\/merely-labeled.com\/index.php?rest_route=%2Fwp%2Fv2%2Fcomments&post=1246"}],"version-history":[{"count":6,"href":"http:\/\/merely-labeled.com\/index.php?rest_route=\/wp\/v2\/pages\/1246\/revisions"}],"predecessor-version":[{"id":1255,"href":"http:\/\/merely-labeled.com\/index.php?rest_route=\/wp\/v2\/pages\/1246\/revisions\/1255"}],"up":[{"embeddable":true,"href":"http:\/\/merely-labeled.com\/index.php?rest_route=\/wp\/v2\/pages\/9"}],"wp:attachment":[{"href":"http:\/\/merely-labeled.com\/index.php?rest_route=%2Fwp%2Fv2%2Fmedia&parent=1246"}],"curies":[{"name":"wp","href":"https:\/\/api.w.org\/{rel}","templated":true}]}}