{"id":1238,"date":"2024-10-04T18:30:54","date_gmt":"2024-10-04T16:30:54","guid":{"rendered":"http:\/\/merely-labeled.com\/?page_id=1238"},"modified":"2026-02-27T16:15:20","modified_gmt":"2026-02-27T15:15:20","slug":"brokkoli-kaese-quiche-thermomix-tm-6","status":"publish","type":"page","link":"http:\/\/merely-labeled.com\/?page_id=1238","title":{"rendered":"Brokkoli-K\u00e4se-Quiche (Thermomix TM 6)"},"content":{"rendered":"\t\t<div data-elementor-type=\"wp-page\" data-elementor-id=\"1238\" class=\"elementor elementor-1238\" data-elementor-post-type=\"page\">\n\t\t\t\t<div class=\"elementor-element elementor-element-4ba93376 e-con-full e-flex e-con e-parent\" data-id=\"4ba93376\" data-element_type=\"container\" data-e-type=\"container\" data-settings=\"{&quot;background_background&quot;:&quot;gradient&quot;}\">\n\t\t\t\t<div class=\"elementor-element elementor-element-128ab6b4 elementor-widget elementor-widget-heading\" data-id=\"128ab6b4\" data-element_type=\"widget\" data-e-type=\"widget\" data-widget_type=\"heading.default\">\n\t\t\t\t<div class=\"elementor-widget-container\">\n\t\t\t\t\t<h2 class=\"elementor-heading-title elementor-size-default\">Brokkoli-K\u00e4se-Quiche (Thermomix TM 6)<\/h2>\t\t\t\t<\/div>\n\t\t\t\t<\/div>\n\t\t\t\t<div class=\"elementor-element elementor-element-3b82b6d5 elementor-widget__width-inherit elementor-widget-divider--view-line elementor-invisible elementor-widget elementor-widget-divider\" data-id=\"3b82b6d5\" data-element_type=\"widget\" data-e-type=\"widget\" data-settings=\"{&quot;_animation&quot;:&quot;fadeInLeft&quot;}\" data-widget_type=\"divider.default\">\n\t\t\t\t<div class=\"elementor-widget-container\">\n\t\t\t\t\t\t\t<div class=\"elementor-divider\">\n\t\t\t<span class=\"elementor-divider-separator\">\n\t\t\t\t\t\t<\/span>\n\t\t<\/div>\n\t\t\t\t\t\t<\/div>\n\t\t\t\t<\/div>\n\t\t\t\t<div class=\"elementor-element elementor-element-5b01ed17 elementor-widget elementor-widget-text-editor\" data-id=\"5b01ed17\" data-element_type=\"widget\" data-e-type=\"widget\" data-widget_type=\"text-editor.default\">\n\t\t\t\t<div class=\"elementor-widget-container\">\n\t\t\t\t\t\t\t\t\t<p><strong>Portionen:<\/strong> 4 Personen<\/p><h3>Zutaten<\/h3><h4>Teig<\/h4><ul><li>200 g Mehl<\/li><li>100 g kalte Butter, in St\u00fccken<\/li><li>1 Ei<\/li><li>1 Prise Salz<\/li><li>2\u20133 EL kaltes Wasser (bei Bedarf)<\/li><\/ul><h4>F\u00fcllung<\/h4><ul><li>500 g Brokkoli, in R\u00f6schen zerteilt (frisch oder tiefgek\u00fchlt)<\/li><li>200 g\u00a0K\u00e4se (z. B. Emmentaler)<\/li><li>100 g Speckw\u00fcrfel<\/li><li>1 Zwiebel, halbiert<\/li><li>2 Knoblauchzehen<\/li><li>3 Eier<\/li><li>150 ml Schlagobers<\/li><li>Salz<\/li><li>Pfeffer<\/li><li>Muskat (nach Geschmack)<\/li><li>100 g Speckw\u00fcrfel<\/li><\/ul><h3>Zubereitung<\/h3><h4 data-start=\"612\" data-end=\"630\">1. Teig<\/h4><ol><li data-start=\"634\" data-end=\"683\"><strong>200 g Mehl, 100 g kalte Butter (in St\u00fccken), 1 Ei <\/strong>und <strong>1 Prise Salz<\/strong> in den Mixtopf geben.<\/li><li data-start=\"687\" data-end=\"739\"><strong data-start=\"687\" data-end=\"708\">20 Sek. | Stufe 6<\/strong> \u2013 zu einem Teig verarbeiten.<\/li><li data-start=\"743\" data-end=\"819\">Falls n\u00f6tig, <strong>2-3 EL kaltes Wasser<\/strong> zugeben und nochmals kurz mixen.<\/li><li data-start=\"823\" data-end=\"917\">Herausnehmen, zu einer Kugel formen, in Frischhaltefolie wickeln und <strong data-start=\"892\" data-end=\"916\">30 Min. kalt stellen<\/strong>.<\/li><\/ol><h4 data-start=\"924\" data-end=\"949\">2. K\u00e4se reiben<\/h4><ol><li data-start=\"953\" data-end=\"992\"><strong>200 g Emmentaler<\/strong> in St\u00fccken in den Mixtopf geben.<\/li><li data-start=\"996\" data-end=\"1034\"><strong data-start=\"996\" data-end=\"1017\">10 Sek. | Stufe 8<\/strong> \u2013 fein reiben.<\/li><li data-start=\"1038\" data-end=\"1072\">K\u00e4se umf\u00fcllen und beiseitestellen.<\/li><\/ol><h4 data-start=\"1079\" data-end=\"1118\">3. Brokkoli vorgaren<\/h4><ol><li data-start=\"143\" data-end=\"192\"><strong>500 g Brokkoli-R\u00f6schen<\/strong> in den Gareinsatz geben.<\/li><li data-start=\"196\" data-end=\"234\"><strong>500 ml Wasser<\/strong> in den Mixtopf f\u00fcllen.<\/li><li data-start=\"238\" data-end=\"275\">Gareinsatz einsetzen, verschlie\u00dfen.<\/li><li data-start=\"279\" data-end=\"340\"><strong data-start=\"279\" data-end=\"309\">15 Min. | Varoma | Stufe 1<\/strong> \u2013 Brokkoli bissfest d\u00e4mpfen.<\/li><li>Den Brokkoli in der gro\u00dfe Sch\u00fcssel geben.<\/li><\/ol><h4 data-start=\"1265\" data-end=\"1316\">4. Zwiebel, Knoblauch und Speck anbraten<\/h4><ol><li data-start=\"1320\" data-end=\"1365\"><strong>1 Zwiebel (halbiert)<\/strong> und <strong>2 Knoblauchzehen<\/strong> in den Mixtopf geben.<\/li><li data-start=\"1369\" data-end=\"1406\"><strong data-start=\"1369\" data-end=\"1389\">5 Sek. | Stufe 5<\/strong> \u2013 zerkleinern.<\/li><li data-start=\"1410\" data-end=\"1488\"><strong>100 g Speckw\u00fcrfel<\/strong> zugeben (kein zus\u00e4tzliches \u00d6l n\u00f6tig, Speck liefert genug Fett!).<\/li><li data-start=\"1492\" data-end=\"1570\"><strong data-start=\"1492\" data-end=\"1533\">5 Min. | 120 \u00b0C | Stufe 1 | Linkslauf<\/strong> \u2013 glasig d\u00fcnsten und Speck anbraten.<\/li><li>Die Mischung zum Brokkoli geben.<\/li><\/ol><h4 data-start=\"1577\" data-end=\"1616\">5. Eier-Schlagobers-Mischung<\/h4><ol><li data-start=\"1620\" data-end=\"1687\">3 Eier, 150 ml Schlagobers, Salz, Pfeffer und Muskat in den Mixtopf geben.<\/li><li data-start=\"1691\" data-end=\"1766\"><strong data-start=\"1691\" data-end=\"1712\">10 Sek. | Stufe 4<\/strong> \u2013 verquirlen. <em data-start=\"1729\" data-end=\"1766\">(Oder in einer Sch\u00fcssel verquirlen)<\/em><\/li><li data-start=\"1691\" data-end=\"1766\">Die Mischung zum Brokkoli geben.<\/li><li>Den <strong>K\u00e4se<\/strong> dazugeben und alles in der Sch\u00fcssel vermischen.<\/li><\/ol><h4 data-start=\"1967\" data-end=\"1994\">7. Quiche backen<\/h4><ol><li data-start=\"1998\" data-end=\"2041\">Backrohr auf <strong data-start=\"2011\" data-end=\"2028\">180 \u00b0C Umluft<\/strong> vorheizen.<\/li><li data-start=\"2045\" data-end=\"2132\">Teig ausrollen, in eine gefettete Quicheform legen und einen kleinen Rand hochziehen.<\/li><li data-start=\"2136\" data-end=\"2166\"><strong>Brokkoli-Mischung<\/strong> einf\u00fcllen.<\/li><li data-start=\"2219\" data-end=\"2258\">Quiche <strong data-start=\"2226\" data-end=\"2240\">35\u201340 Min.<\/strong> goldbraun backen.<\/li><\/ol>\t\t\t\t\t\t\t\t<\/div>\n\t\t\t\t<\/div>\n\t\t\t\t<\/div>\n\t\t\t\t<\/div>\n\t\t","protected":false},"excerpt":{"rendered":"<p>Brokkoli-K\u00e4se-Quiche (Thermomix TM 6) Portionen: 4 Personen Zutaten Teig 200 g Mehl 100 g kalte Butter, in St\u00fccken 1 Ei 1 Prise Salz 2\u20133 EL kaltes Wasser (bei Bedarf) F\u00fcllung 500 g Brokkoli, in R\u00f6schen zerteilt (frisch oder tiefgek\u00fchlt) 200 g\u00a0K\u00e4se (z. B. Emmentaler) 100 g Speckw\u00fcrfel 1 Zwiebel, halbiert 2 Knoblauchzehen 3 Eier 150 [&hellip;]<\/p>\n","protected":false},"author":1,"featured_media":0,"parent":9,"menu_order":0,"comment_status":"closed","ping_status":"closed","template":"elementor_header_footer","meta":{"footnotes":""},"class_list":["post-1238","page","type-page","status-publish","hentry"],"_links":{"self":[{"href":"http:\/\/merely-labeled.com\/index.php?rest_route=\/wp\/v2\/pages\/1238","targetHints":{"allow":["GET"]}}],"collection":[{"href":"http:\/\/merely-labeled.com\/index.php?rest_route=\/wp\/v2\/pages"}],"about":[{"href":"http:\/\/merely-labeled.com\/index.php?rest_route=\/wp\/v2\/types\/page"}],"author":[{"embeddable":true,"href":"http:\/\/merely-labeled.com\/index.php?rest_route=\/wp\/v2\/users\/1"}],"replies":[{"embeddable":true,"href":"http:\/\/merely-labeled.com\/index.php?rest_route=%2Fwp%2Fv2%2Fcomments&post=1238"}],"version-history":[{"count":10,"href":"http:\/\/merely-labeled.com\/index.php?rest_route=\/wp\/v2\/pages\/1238\/revisions"}],"predecessor-version":[{"id":1681,"href":"http:\/\/merely-labeled.com\/index.php?rest_route=\/wp\/v2\/pages\/1238\/revisions\/1681"}],"up":[{"embeddable":true,"href":"http:\/\/merely-labeled.com\/index.php?rest_route=\/wp\/v2\/pages\/9"}],"wp:attachment":[{"href":"http:\/\/merely-labeled.com\/index.php?rest_route=%2Fwp%2Fv2%2Fmedia&parent=1238"}],"curies":[{"name":"wp","href":"https:\/\/api.w.org\/{rel}","templated":true}]}}