{"id":1222,"date":"2024-10-04T18:20:03","date_gmt":"2024-10-04T16:20:03","guid":{"rendered":"http:\/\/merely-labeled.com\/?page_id=1222"},"modified":"2024-10-04T18:20:29","modified_gmt":"2024-10-04T16:20:29","slug":"thunfisch-quinoa-mit-gemuese","status":"publish","type":"page","link":"http:\/\/merely-labeled.com\/?page_id=1222","title":{"rendered":"Thunfisch-Quinoa mit Gem\u00fcse"},"content":{"rendered":"\t\t<div data-elementor-type=\"wp-page\" data-elementor-id=\"1222\" class=\"elementor elementor-1222\" data-elementor-post-type=\"page\">\n\t\t\t\t<div class=\"elementor-element elementor-element-5b11496b e-con-full e-flex e-con e-parent\" data-id=\"5b11496b\" data-element_type=\"container\" data-e-type=\"container\" data-settings=\"{&quot;background_background&quot;:&quot;gradient&quot;}\">\n\t\t\t\t<div class=\"elementor-element elementor-element-123af02e elementor-widget elementor-widget-heading\" data-id=\"123af02e\" data-element_type=\"widget\" data-e-type=\"widget\" data-widget_type=\"heading.default\">\n\t\t\t\t<div class=\"elementor-widget-container\">\n\t\t\t\t\t<h2 class=\"elementor-heading-title elementor-size-default\">Thunfisch-Quinoa mit Gem\u00fcse<\/h2>\t\t\t\t<\/div>\n\t\t\t\t<\/div>\n\t\t\t\t<div class=\"elementor-element elementor-element-6cfff985 elementor-widget__width-inherit elementor-widget-divider--view-line elementor-invisible elementor-widget elementor-widget-divider\" data-id=\"6cfff985\" data-element_type=\"widget\" data-e-type=\"widget\" data-settings=\"{&quot;_animation&quot;:&quot;fadeInLeft&quot;}\" data-widget_type=\"divider.default\">\n\t\t\t\t<div class=\"elementor-widget-container\">\n\t\t\t\t\t\t\t<div class=\"elementor-divider\">\n\t\t\t<span class=\"elementor-divider-separator\">\n\t\t\t\t\t\t<\/span>\n\t\t<\/div>\n\t\t\t\t\t\t<\/div>\n\t\t\t\t<\/div>\n\t\t\t\t<div class=\"elementor-element elementor-element-23ece514 elementor-widget elementor-widget-text-editor\" data-id=\"23ece514\" data-element_type=\"widget\" data-e-type=\"widget\" data-widget_type=\"text-editor.default\">\n\t\t\t\t<div class=\"elementor-widget-container\">\n\t\t\t\t\t\t\t\t\t<p><strong>Portionen:<\/strong> 2 Personen<\/p><h3>Zutaten<\/h3><h4>Quinoa<\/h4><p><strong>150 g<\/strong> Quinoa<br \/><strong>300 ml<\/strong> Wasser<\/p><h4>Gem\u00fcse und Thunfisch<\/h4><p><strong>1 Dose<\/strong> Thunfisch (in Wasser, abgetropft)<br \/><strong>1<\/strong> Paprika (gew\u00fcrfelt)<br \/><strong>1 kleine<\/strong> Zucchini (gew\u00fcrfelt)<br \/><strong>1 kleine<\/strong> Zwiebel (gehackt)<br \/><strong>1 Handvoll<\/strong> Spinat oder Rucola<br \/><strong>2 EL<\/strong> Oliven\u00f6l<br \/><strong>1 TL<\/strong> Zitronensaft<br \/><strong>Salz und Pfeffer<\/strong> (nach Geschmack)<br \/><strong>Frische Petersilie<\/strong> (zum Garnieren, nach Geschmack)<\/p><h3>Zubereitung<\/h3><h4>Quinoa kochen<\/h4><ol><li><strong>150 g Quinoa<\/strong> in einem Sieb gut absp\u00fclen.<\/li><li>Mit <strong>300 ml Wasser<\/strong> in einen Topf geben, zum Kochen bringen, dann die Hitze reduzieren und etwa 15 Minuten k\u00f6cheln lassen, bis das Wasser aufgenommen ist. Vom Herd nehmen und abgedeckt 5 Minuten ruhen lassen.<\/li><\/ol><h4>Gem\u00fcse anbraten<\/h4><ol start=\"3\"><li>In einer gro\u00dfen Pfanne <strong>2 EL Oliven\u00f6l<\/strong> erhitzen und <strong>1 gehackte Zwiebel<\/strong>, <strong>1 gew\u00fcrfelte Paprika<\/strong> und <strong>1 gew\u00fcrfelte Zucchini<\/strong> hinzuf\u00fcgen.<\/li><li>Alles f\u00fcr etwa 5\u20137 Minuten anbraten, bis das Gem\u00fcse weich ist.<\/li><\/ol><h4>Thunfisch und Spinat hinzuf\u00fcgen<\/h4><ol start=\"5\"><li><strong>1 abgetropfte Dose Thunfisch<\/strong> und eine Handvoll <strong>Spinat oder Rucola<\/strong> in die Pfanne geben.<\/li><li>Gut vermengen und kurz erw\u00e4rmen, bis der Spinat zusammenf\u00e4llt.<\/li><\/ol><h4>Quinoa untermischen<\/h4><ol start=\"7\"><li>Die gekochte <strong>Quinoa<\/strong> in die Pfanne geben und mit dem Gem\u00fcse und dem Thunfisch vermengen.<\/li><li>Mit <strong>1 TL Zitronensaft<\/strong>, <strong>Salz<\/strong> und <strong>Pfeffer<\/strong> nach Geschmack abschmecken.<\/li><\/ol><h4>Servieren<\/h4><ol start=\"9\"><li>Den Thunfisch-Quinoa in Schalen anrichten und nach Belieben mit frischer, gehackter <strong>Petersilie<\/strong> garnieren.<\/li><\/ol><h3>Tipps &amp; Tricks<\/h3><ul><li><strong>Variationen:<\/strong> Du kannst auch frischen Thunfisch verwenden, den du direkt beim Kochen hinzuf\u00fcgst.<\/li><li><strong>Gem\u00fcse anpassen:<\/strong> Variiere das Gem\u00fcse nach Saison und Vorliebe. Zum Beispiel k\u00f6nnten auch Erbsen, Brokkoli oder Karotten gut passen.<\/li><li><strong>Lagerung:<\/strong> Gekochte Quinoa und Gem\u00fcse lassen sich gut in luftdichten Beh\u00e4ltern im K\u00fchlschrank aufbewahren und sollten innerhalb von 3\u20134 Tagen verzehrt werden.<\/li><\/ul>\t\t\t\t\t\t\t\t<\/div>\n\t\t\t\t<\/div>\n\t\t\t\t<\/div>\n\t\t\t\t<\/div>\n\t\t","protected":false},"excerpt":{"rendered":"<p>Thunfisch-Quinoa mit Gem\u00fcse Portionen: 2 Personen Zutaten Quinoa 150 g Quinoa300 ml Wasser Gem\u00fcse und Thunfisch 1 Dose Thunfisch (in Wasser, abgetropft)1 Paprika (gew\u00fcrfelt)1 kleine Zucchini (gew\u00fcrfelt)1 kleine Zwiebel (gehackt)1 Handvoll Spinat oder Rucola2 EL Oliven\u00f6l1 TL ZitronensaftSalz und Pfeffer (nach Geschmack)Frische Petersilie (zum Garnieren, nach Geschmack) Zubereitung Quinoa kochen 150 g Quinoa in einem [&hellip;]<\/p>\n","protected":false},"author":1,"featured_media":0,"parent":0,"menu_order":0,"comment_status":"closed","ping_status":"closed","template":"elementor_header_footer","meta":{"footnotes":""},"class_list":["post-1222","page","type-page","status-publish","hentry"],"_links":{"self":[{"href":"http:\/\/merely-labeled.com\/index.php?rest_route=\/wp\/v2\/pages\/1222","targetHints":{"allow":["GET"]}}],"collection":[{"href":"http:\/\/merely-labeled.com\/index.php?rest_route=\/wp\/v2\/pages"}],"about":[{"href":"http:\/\/merely-labeled.com\/index.php?rest_route=\/wp\/v2\/types\/page"}],"author":[{"embeddable":true,"href":"http:\/\/merely-labeled.com\/index.php?rest_route=\/wp\/v2\/users\/1"}],"replies":[{"embeddable":true,"href":"http:\/\/merely-labeled.com\/index.php?rest_route=%2Fwp%2Fv2%2Fcomments&post=1222"}],"version-history":[{"count":4,"href":"http:\/\/merely-labeled.com\/index.php?rest_route=\/wp\/v2\/pages\/1222\/revisions"}],"predecessor-version":[{"id":1226,"href":"http:\/\/merely-labeled.com\/index.php?rest_route=\/wp\/v2\/pages\/1222\/revisions\/1226"}],"wp:attachment":[{"href":"http:\/\/merely-labeled.com\/index.php?rest_route=%2Fwp%2Fv2%2Fmedia&parent=1222"}],"curies":[{"name":"wp","href":"https:\/\/api.w.org\/{rel}","templated":true}]}}