{"id":1169,"date":"2024-08-23T16:31:04","date_gmt":"2024-08-23T14:31:04","guid":{"rendered":"http:\/\/merely-labeled.com\/?page_id=1169"},"modified":"2024-08-23T16:31:33","modified_gmt":"2024-08-23T14:31:33","slug":"saechsisches-kuemmelfleisch","status":"publish","type":"page","link":"http:\/\/merely-labeled.com\/?page_id=1169","title":{"rendered":"S\u00e4chsisches K\u00fcmmelfleisch"},"content":{"rendered":"\t\t<div data-elementor-type=\"wp-page\" data-elementor-id=\"1169\" class=\"elementor elementor-1169\" data-elementor-post-type=\"page\">\n\t\t\t\t<div class=\"elementor-element elementor-element-45f84bb1 e-con-full e-flex e-con e-parent\" data-id=\"45f84bb1\" data-element_type=\"container\" data-e-type=\"container\" data-settings=\"{&quot;background_background&quot;:&quot;gradient&quot;}\">\n\t\t\t\t<div class=\"elementor-element elementor-element-3f28ac3 elementor-widget elementor-widget-heading\" data-id=\"3f28ac3\" data-element_type=\"widget\" data-e-type=\"widget\" data-widget_type=\"heading.default\">\n\t\t\t\t<div class=\"elementor-widget-container\">\n\t\t\t\t\t<h2 class=\"elementor-heading-title elementor-size-default\">S\u00e4chsisches K\u00fcmmelfleisch<\/h2>\t\t\t\t<\/div>\n\t\t\t\t<\/div>\n\t\t\t\t<div class=\"elementor-element elementor-element-6e718e79 elementor-widget__width-inherit elementor-widget-divider--view-line elementor-invisible elementor-widget elementor-widget-divider\" data-id=\"6e718e79\" data-element_type=\"widget\" data-e-type=\"widget\" data-settings=\"{&quot;_animation&quot;:&quot;fadeInLeft&quot;}\" data-widget_type=\"divider.default\">\n\t\t\t\t<div class=\"elementor-widget-container\">\n\t\t\t\t\t\t\t<div class=\"elementor-divider\">\n\t\t\t<span class=\"elementor-divider-separator\">\n\t\t\t\t\t\t<\/span>\n\t\t<\/div>\n\t\t\t\t\t\t<\/div>\n\t\t\t\t<\/div>\n\t\t\t\t<div class=\"elementor-element elementor-element-60c35acd elementor-widget elementor-widget-text-editor\" data-id=\"60c35acd\" data-element_type=\"widget\" data-e-type=\"widget\" data-widget_type=\"text-editor.default\">\n\t\t\t\t<div class=\"elementor-widget-container\">\n\t\t\t\t\t\t\t\t\t<p><strong>Portionen:<\/strong> F\u00fcr 4 Personen<\/p><h3>Zutaten<\/h3><ul><li><strong>750 g<\/strong> Gulasch (vom Schwein, fettarm, in kleinere St\u00fccke geschnitten)<\/li><li><strong>1 \u00bd<\/strong> Zwiebeln (fein gehackt)<\/li><li><strong>1 \u00bd<\/strong> Knoblauchzehen (fein gehackt)<\/li><li><strong>6 TL<\/strong> \u00d6l (eventuell mehr)<\/li><li><strong>1 \u00bd EL<\/strong> Mehl<\/li><li><strong>1 \u00bd EL<\/strong> K\u00fcmmel (gem\u00f6rsert oder gemahlen)<\/li><li><strong>1 \u00bd EL<\/strong> Tomatenmark<\/li><li><strong>1 \u00bd TL<\/strong> Senf (mittelscharf)<\/li><li><strong>1 \u00bd Prisen<\/strong> Majoran<\/li><li><strong>1 \u00bd Prisen<\/strong> Thymian<\/li><li><strong>750 ml<\/strong> Gem\u00fcsebr\u00fche (oder Bier, wer mag)<\/li><li><strong>Salz und Pfeffer<\/strong> nach Geschmack<\/li><li><strong>Paprikapulver, mild<\/strong> nach Geschmack<\/li><li><strong>evtl. saure Sahne<\/strong> (zum Abschmecken)<\/li><\/ul><h3>Zubereitung<\/h3><ol><li><p><strong>Fleisch anbraten:<\/strong><br \/>Das <strong>750 g Gulasch<\/strong> (in kleinere St\u00fccke geschnitten), die <strong>1 \u00bd Zwiebeln<\/strong> (fein gehackt) und die <strong>1 \u00bd Knoblauchzehen<\/strong> (fein gehackt) in <strong>6 TL \u00d6l<\/strong> von allen Seiten kurz anbraten.<\/p><\/li><li><p><strong>Mehlieren und w\u00fcrzen:<\/strong><br \/>Das angebratene Fleisch sofort mit <strong>1 \u00bd EL Mehl<\/strong> best\u00e4uben und gut verr\u00fchren, bis das Mehl braun gebrutzelt ist. <strong>1 \u00bd EL K\u00fcmmel<\/strong>, <strong>1 \u00bd EL Tomatenmark<\/strong>, <strong>1 \u00bd TL Senf<\/strong>, <strong>1 \u00bd Prisen Majoran<\/strong> und <strong>1 \u00bd Prisen Thymian<\/strong> zugeben und unter R\u00fchren schmoren, bis sich eine kleine braune Schicht am Topfboden absetzt.<\/p><\/li><li><p><strong>Abl\u00f6schen und schmoren:<\/strong><br \/>Das Fleisch mit <strong>750 ml Gem\u00fcsebr\u00fche<\/strong> (oder Bier) dreimal abl\u00f6schen und insgesamt <strong>30-45 Minuten<\/strong> schmoren lassen, je nach Zartheit des Fleisches.<\/p><\/li><li><p><strong>Abschmecken:<\/strong><br \/>Das Fleisch probieren und gegebenenfalls mit Salz, Pfeffer, Paprikapulver und saurer Sahne abschmecken. Das Mehl bindet die So\u00dfe bereits, daher ist kein zus\u00e4tzliches Binden erforderlich.<\/p><\/li><\/ol><h3>Serviervorschl\u00e4ge<\/h3><ul><li><p><strong>Beilage:<\/strong><br \/>Traditionell wird das K\u00fcmmelfleisch mit Kartoffeln oder Kn\u00f6deln serviert.<\/p><\/li><li><p><strong>Extra W\u00fcrze:<\/strong><br \/>Wer es gerne w\u00fcrziger mag, kann das Gericht mit zus\u00e4tzlichen Gew\u00fcrzen wie Paprika oder einem Schuss Essig abschmecken.<\/p><\/li><\/ul>\t\t\t\t\t\t\t\t<\/div>\n\t\t\t\t<\/div>\n\t\t\t\t<\/div>\n\t\t\t\t<\/div>\n\t\t","protected":false},"excerpt":{"rendered":"<p>S\u00e4chsisches K\u00fcmmelfleisch Portionen: F\u00fcr 4 Personen Zutaten 750 g Gulasch (vom Schwein, fettarm, in kleinere St\u00fccke geschnitten) 1 \u00bd Zwiebeln (fein gehackt) 1 \u00bd Knoblauchzehen (fein gehackt) 6 TL \u00d6l (eventuell mehr) 1 \u00bd EL Mehl 1 \u00bd EL K\u00fcmmel (gem\u00f6rsert oder gemahlen) 1 \u00bd EL Tomatenmark 1 \u00bd TL Senf (mittelscharf) 1 \u00bd Prisen [&hellip;]<\/p>\n","protected":false},"author":1,"featured_media":0,"parent":0,"menu_order":0,"comment_status":"closed","ping_status":"closed","template":"elementor_header_footer","meta":{"footnotes":""},"class_list":["post-1169","page","type-page","status-publish","hentry"],"_links":{"self":[{"href":"http:\/\/merely-labeled.com\/index.php?rest_route=\/wp\/v2\/pages\/1169","targetHints":{"allow":["GET"]}}],"collection":[{"href":"http:\/\/merely-labeled.com\/index.php?rest_route=\/wp\/v2\/pages"}],"about":[{"href":"http:\/\/merely-labeled.com\/index.php?rest_route=\/wp\/v2\/types\/page"}],"author":[{"embeddable":true,"href":"http:\/\/merely-labeled.com\/index.php?rest_route=\/wp\/v2\/users\/1"}],"replies":[{"embeddable":true,"href":"http:\/\/merely-labeled.com\/index.php?rest_route=%2Fwp%2Fv2%2Fcomments&post=1169"}],"version-history":[{"count":4,"href":"http:\/\/merely-labeled.com\/index.php?rest_route=\/wp\/v2\/pages\/1169\/revisions"}],"predecessor-version":[{"id":1173,"href":"http:\/\/merely-labeled.com\/index.php?rest_route=\/wp\/v2\/pages\/1169\/revisions\/1173"}],"wp:attachment":[{"href":"http:\/\/merely-labeled.com\/index.php?rest_route=%2Fwp%2Fv2%2Fmedia&parent=1169"}],"curies":[{"name":"wp","href":"https:\/\/api.w.org\/{rel}","templated":true}]}}