{"id":1161,"date":"2024-08-23T16:27:14","date_gmt":"2024-08-23T14:27:14","guid":{"rendered":"http:\/\/merely-labeled.com\/?page_id=1161"},"modified":"2024-08-23T16:27:58","modified_gmt":"2024-08-23T14:27:58","slug":"maultaschen","status":"publish","type":"page","link":"http:\/\/merely-labeled.com\/?page_id=1161","title":{"rendered":"Maultaschen"},"content":{"rendered":"\t\t<div data-elementor-type=\"wp-page\" data-elementor-id=\"1161\" class=\"elementor elementor-1161\" data-elementor-post-type=\"page\">\n\t\t\t\t<div class=\"elementor-element elementor-element-5ed44885 e-con-full e-flex e-con e-parent\" data-id=\"5ed44885\" data-element_type=\"container\" data-e-type=\"container\" data-settings=\"{&quot;background_background&quot;:&quot;gradient&quot;}\">\n\t\t\t\t<div class=\"elementor-element elementor-element-ce6bd39 elementor-widget elementor-widget-heading\" data-id=\"ce6bd39\" data-element_type=\"widget\" data-e-type=\"widget\" data-widget_type=\"heading.default\">\n\t\t\t\t<div class=\"elementor-widget-container\">\n\t\t\t\t\t<h2 class=\"elementor-heading-title elementor-size-default\">Maultaschen<\/h2>\t\t\t\t<\/div>\n\t\t\t\t<\/div>\n\t\t\t\t<div class=\"elementor-element elementor-element-4c574f3d elementor-widget__width-inherit elementor-widget-divider--view-line elementor-invisible elementor-widget elementor-widget-divider\" data-id=\"4c574f3d\" data-element_type=\"widget\" data-e-type=\"widget\" data-settings=\"{&quot;_animation&quot;:&quot;fadeInLeft&quot;}\" data-widget_type=\"divider.default\">\n\t\t\t\t<div class=\"elementor-widget-container\">\n\t\t\t\t\t\t\t<div class=\"elementor-divider\">\n\t\t\t<span class=\"elementor-divider-separator\">\n\t\t\t\t\t\t<\/span>\n\t\t<\/div>\n\t\t\t\t\t\t<\/div>\n\t\t\t\t<\/div>\n\t\t\t\t<div class=\"elementor-element elementor-element-d1b4650 elementor-widget elementor-widget-text-editor\" data-id=\"d1b4650\" data-element_type=\"widget\" data-e-type=\"widget\" data-widget_type=\"text-editor.default\">\n\t\t\t\t<div class=\"elementor-widget-container\">\n\t\t\t\t\t\t\t\t\t<p><strong>Portionen:<\/strong> F\u00fcr 4-6 Personen<\/p><h3>Zutaten<\/h3><h4>F\u00fcr die F\u00fcllung<\/h4><ul><li><strong>6<\/strong> Br\u00f6tchen (vom Vortag)<\/li><li><strong>etwas<\/strong> Milch (zum Einweichen der Br\u00f6tchen)<\/li><li><strong>\u00bd kg<\/strong> Spinat (Rahmspinat, tiefgek\u00fchlt, aufgetaut)<\/li><li><strong>6<\/strong> Eier<\/li><li><strong>300 g<\/strong> Hackfleisch (gemischt)<\/li><li><strong>300 g<\/strong> Br\u00e4t<\/li><li><strong>100-150 g<\/strong> Speck (gew\u00fcrfelt)<\/li><li><strong>1 Stange<\/strong> Lauch (fein gew\u00fcrfelt)<\/li><li><strong>1<\/strong> Zwiebel<\/li><li><strong>1 Bund<\/strong> Petersilie<\/li><li><strong>Salz und Pfeffer<\/strong> nach Geschmack<\/li><li><strong>Muskat<\/strong> nach Geschmack<\/li><li><strong>Butter<\/strong> (zum Anbraten)<\/li><\/ul><h4>F\u00fcr die Maultaschen<\/h4><ul><li><strong>1 kg<\/strong> Nudelteig<\/li><li><strong>Eiwei\u00df<\/strong> (zum Bestreichen)<\/li><li><strong>Fleischbr\u00fche<\/strong> (zum Garen)<\/li><\/ul><h3>Zubereitung<\/h3><h4>Zubereitung der F\u00fcllmasse<\/h4><ol><li><p><strong>Br\u00f6tchen einweichen:<\/strong><br \/><strong>6 Br\u00f6tchen<\/strong> grob w\u00fcrfeln, in etwas Milch einweichen und anschlie\u00dfend gut ausdr\u00fccken.<\/p><\/li><li><p><strong>Zwiebelmischung anbraten:<\/strong><br \/><strong>1 Zwiebel<\/strong> fein hacken, <strong>1 Stange Lauch<\/strong> fein w\u00fcrfeln und zusammen mit den Speckw\u00fcrfeln in Butter anbraten. <strong>1 Bund Petersilie<\/strong> zuf\u00fcgen und kurz mitd\u00fcnsten.<\/p><\/li><li><p><strong>F\u00fcllung herstellen:<\/strong><br \/>Den aufgetauten <strong>\u00bd kg Spinat<\/strong>, <strong>300 g Hackfleisch<\/strong>, <strong>300 g Br\u00e4t<\/strong>, die Zwiebelmischung, die ausgedr\u00fcckten Br\u00f6tchen und <strong>6 Eier<\/strong> gut vermengen. Die Masse mit Salz, Pfeffer und Muskat abschmecken.<\/p><\/li><\/ol><h4>Zubereitung der Maultaschen<\/h4><ol><li><p><strong>Nudelteig vorbereiten:<\/strong><br \/>Den <strong>1 kg Nudelteig<\/strong> in Quadrate oder kleine Rechtecke teilen. Den Rand mit Eiwei\u00df bestreichen.<\/p><\/li><li><p><strong>F\u00fcllen und Formen:<\/strong><br \/>Die F\u00fcllmasse auf der Mitte jedes Quadrates oder Rechtecks verteilen. Die Quadrate dann zusammenklappen und gut andr\u00fccken, damit keine F\u00fcllung austritt.<\/p><\/li><li><p><strong>Maultaschen garen:<\/strong><br \/>Die Maultaschen in reichlich Fleischbr\u00fche ca. <strong>10-15 Minuten<\/strong> ziehen lassen.<\/p><\/li><\/ol><h3>Serviervorschl\u00e4ge<\/h3><ul><li><p><strong>Gebratene Zwiebelringe:<\/strong><br \/>Die Maultaschen schmecken hervorragend mit in Butter gebr\u00e4unten Zwiebelringen.<\/p><\/li><li><p><strong>Beilage:<\/strong><br \/>Dazu passt ein klassischer Kartoffelsalat.<\/p><\/li><\/ul>\t\t\t\t\t\t\t\t<\/div>\n\t\t\t\t<\/div>\n\t\t\t\t<\/div>\n\t\t\t\t<\/div>\n\t\t","protected":false},"excerpt":{"rendered":"<p>Maultaschen Portionen: F\u00fcr 4-6 Personen Zutaten F\u00fcr die F\u00fcllung 6 Br\u00f6tchen (vom Vortag) etwas Milch (zum Einweichen der Br\u00f6tchen) \u00bd kg Spinat (Rahmspinat, tiefgek\u00fchlt, aufgetaut) 6 Eier 300 g Hackfleisch (gemischt) 300 g Br\u00e4t 100-150 g Speck (gew\u00fcrfelt) 1 Stange Lauch (fein gew\u00fcrfelt) 1 Zwiebel 1 Bund Petersilie Salz und Pfeffer nach Geschmack Muskat nach [&hellip;]<\/p>\n","protected":false},"author":1,"featured_media":0,"parent":0,"menu_order":0,"comment_status":"closed","ping_status":"closed","template":"elementor_header_footer","meta":{"footnotes":""},"class_list":["post-1161","page","type-page","status-publish","hentry"],"_links":{"self":[{"href":"http:\/\/merely-labeled.com\/index.php?rest_route=\/wp\/v2\/pages\/1161","targetHints":{"allow":["GET"]}}],"collection":[{"href":"http:\/\/merely-labeled.com\/index.php?rest_route=\/wp\/v2\/pages"}],"about":[{"href":"http:\/\/merely-labeled.com\/index.php?rest_route=\/wp\/v2\/types\/page"}],"author":[{"embeddable":true,"href":"http:\/\/merely-labeled.com\/index.php?rest_route=\/wp\/v2\/users\/1"}],"replies":[{"embeddable":true,"href":"http:\/\/merely-labeled.com\/index.php?rest_route=%2Fwp%2Fv2%2Fcomments&post=1161"}],"version-history":[{"count":4,"href":"http:\/\/merely-labeled.com\/index.php?rest_route=\/wp\/v2\/pages\/1161\/revisions"}],"predecessor-version":[{"id":1165,"href":"http:\/\/merely-labeled.com\/index.php?rest_route=\/wp\/v2\/pages\/1161\/revisions\/1165"}],"wp:attachment":[{"href":"http:\/\/merely-labeled.com\/index.php?rest_route=%2Fwp%2Fv2%2Fmedia&parent=1161"}],"curies":[{"name":"wp","href":"https:\/\/api.w.org\/{rel}","templated":true}]}}