{"id":1153,"date":"2024-08-23T16:21:47","date_gmt":"2024-08-23T14:21:47","guid":{"rendered":"http:\/\/merely-labeled.com\/?page_id=1153"},"modified":"2024-08-23T16:25:26","modified_gmt":"2024-08-23T14:25:26","slug":"moussaka","status":"publish","type":"page","link":"http:\/\/merely-labeled.com\/?page_id=1153","title":{"rendered":"Moussaka"},"content":{"rendered":"\t\t<div data-elementor-type=\"wp-page\" data-elementor-id=\"1153\" class=\"elementor elementor-1153\" data-elementor-post-type=\"page\">\n\t\t\t\t<div class=\"elementor-element elementor-element-290d1f4d e-con-full e-flex e-con e-parent\" data-id=\"290d1f4d\" data-element_type=\"container\" data-e-type=\"container\" data-settings=\"{&quot;background_background&quot;:&quot;gradient&quot;}\">\n\t\t\t\t<div class=\"elementor-element elementor-element-5c98d1fb elementor-widget elementor-widget-heading\" data-id=\"5c98d1fb\" data-element_type=\"widget\" data-e-type=\"widget\" data-widget_type=\"heading.default\">\n\t\t\t\t<div class=\"elementor-widget-container\">\n\t\t\t\t\t<h2 class=\"elementor-heading-title elementor-size-default\">Moussaka<\/h2>\t\t\t\t<\/div>\n\t\t\t\t<\/div>\n\t\t\t\t<div class=\"elementor-element elementor-element-7fdc261b elementor-widget__width-inherit elementor-widget-divider--view-line elementor-invisible elementor-widget elementor-widget-divider\" data-id=\"7fdc261b\" data-element_type=\"widget\" data-e-type=\"widget\" data-settings=\"{&quot;_animation&quot;:&quot;fadeInLeft&quot;}\" data-widget_type=\"divider.default\">\n\t\t\t\t<div class=\"elementor-widget-container\">\n\t\t\t\t\t\t\t<div class=\"elementor-divider\">\n\t\t\t<span class=\"elementor-divider-separator\">\n\t\t\t\t\t\t<\/span>\n\t\t<\/div>\n\t\t\t\t\t\t<\/div>\n\t\t\t\t<\/div>\n\t\t\t\t<div class=\"elementor-element elementor-element-48501177 elementor-widget elementor-widget-text-editor\" data-id=\"48501177\" data-element_type=\"widget\" data-e-type=\"widget\" data-widget_type=\"text-editor.default\">\n\t\t\t\t<div class=\"elementor-widget-container\">\n\t\t\t\t\t\t\t\t\t<p><strong>Portionen:<\/strong> F\u00fcr 4-6 Personen<\/p><h3>Zutaten<\/h3><h4>F\u00fcr die Erd\u00e4pfel und Melanzani<\/h4><ul><li><strong>600 g<\/strong> Erd\u00e4pfel (gesch\u00e4lt, in 2 mm feine Scheiben geschnitten)<\/li><li><strong>600 g<\/strong> Melanzani (vom Stielansatz befreit, in 2 mm feine Scheiben geschnitten)<\/li><li><strong>Oliven\u00f6l<\/strong><\/li><\/ul><h4>F\u00fcr die Faschierte So\u00dfe<\/h4><ul><li><strong>500 g<\/strong> Faschiertes, bevorzugt Lamm<\/li><li><strong>2<\/strong> Zwiebeln (fein gehackt)<\/li><li><strong>4<\/strong> Knoblauchzehen (fein gehackt)<\/li><li><strong>1 gr. Dose<\/strong> gesch\u00e4lte Paradeiser (\u00e0 ca. 800 g, ohne Saft)<\/li><li><strong>1<\/strong> Lorbeerblatt<\/li><li><strong>\u00bc TL<\/strong> Zimtpulver<\/li><li><strong>Salz und Pfeffer<\/strong> nach Geschmack<\/li><li><strong>2<\/strong> Eier<\/li><\/ul><h4>F\u00fcr die B\u00e9chamelsauce<\/h4><ul><li><strong>40 g<\/strong> Butter<\/li><li><strong>40 g<\/strong> Mehl<\/li><li><strong>375 ml<\/strong> Milch<\/li><li><strong>100 g<\/strong> Parmesan (frisch gerieben, oder anderer geriebener K\u00e4se)<\/li><li><strong>Muskat<\/strong> nach Geschmack<\/li><li><strong>2<\/strong> Eier<\/li><\/ul><h3>Zubereitung<\/h3><h4>Melanzani im Ofen zubereiten<\/h4><ol><li><p><strong>600 g Melanzani<\/strong> in 2 mm dicke Scheiben schneiden und leicht salzen. <strong>30 Minuten<\/strong> stehen lassen, damit die Bitterstoffe entweichen. Anschlie\u00dfend die Melanzani sorgf\u00e4ltig trocken tupfen.<\/p><\/li><li><p>Den Ofen auf <strong>200\u00b0C Umluft<\/strong> vorheizen. Die Melanzanischeiben auf ein mit Backpapier ausgelegtes Backblech legen und leicht mit Oliven\u00f6l bestreichen. Die Scheiben im vorgeheizten Ofen <strong>15-20 Minuten<\/strong> backen, bis sie weich und leicht gebr\u00e4unt sind. Dabei nach der H\u00e4lfte der Zeit einmal wenden.<\/p><\/li><\/ol><h4>Erd\u00e4pfel in der Mikrowelle vorgaren<\/h4><ol><li>Die <strong>600 g Erd\u00e4pfel<\/strong> sch\u00e4len und in 2 mm dicke Scheiben schneiden. In eine mikrowellengeeignete Sch\u00fcssel geben, mit etwas Wasser bedecken und abdecken. Die Erd\u00e4pfelscheiben <strong>5-8 Minuten<\/strong> in der Mikrowelle auf h\u00f6chster Stufe vorgaren, bis sie gerade eben weich, aber noch fest sind. Danach abgie\u00dfen und leicht ausdampfen lassen.<\/li><\/ol><h4>Faschierte So\u00dfe zubereiten<\/h4><ol><li><p>In einem Topf etwas Oliven\u00f6l erhitzen, <strong>500 g Faschiertes<\/strong>, <strong>2 Zwiebeln<\/strong> (fein gehackt) und <strong>4 Knoblauchzehen<\/strong> (fein gehackt) darin anbraten.<\/p><\/li><li><p><strong>1 gr. Dose gesch\u00e4lte Paradeiser<\/strong> (ohne Saft) zuf\u00fcgen und etwas zerkleinern. Mit <strong>1 Lorbeerblatt<\/strong>, <strong>\u00bc TL Zimtpulver<\/strong>, Salz, Pfeffer und Muskatnuss w\u00fcrzen. Unter st\u00e4ndigem R\u00fchren bei ge\u00f6ffnetem Topf so lange d\u00fcnsten, bis s\u00e4mtliche Fl\u00fcssigkeit verkocht ist. Das Lorbeerblatt entfernen und nochmals abschmecken. Den Topf vom Herd nehmen und <strong>2 Eier<\/strong> unterr\u00fchren.<\/p><\/li><\/ol><h4>B\u00e9chamelsauce zubereiten<\/h4><ol><li><p>In einem zweiten Topf <strong>40 g Butter<\/strong> zerlassen. Mit <strong>40 g Mehl<\/strong> best\u00e4uben und kurz anschwitzen. Nach und nach <strong>375 ml Milch<\/strong> zugie\u00dfen und unter R\u00fchren dicklich einkochen lassen.<\/p><\/li><li><p>Mit Salz, Pfeffer und Muskatnuss pikant abschmecken. Den Topf vom Herd nehmen, <strong>1 EL Parmesan<\/strong> und die restlichen <strong>2 Eier<\/strong> hineinr\u00fchren.<\/p><\/li><\/ol><h4>Schichten und backen<\/h4><ol><li><p>Eine gro\u00dfe, flache Auflaufform mit Oliven\u00f6l fetten. Die H\u00e4lfte der Erd\u00e4pfel und Melanzani einf\u00fcllen. Mit Salz, Pfeffer und Muskatnuss w\u00fcrzen und mit etwas Parmesan bestreuen.<\/p><\/li><li><p>Anschlie\u00dfend die Faschierte So\u00dfe gleichm\u00e4\u00dfig darauf verteilen. Die restlichen Erd\u00e4pfel und Melanzani darauf geben und mit der B\u00e9chamelsauce begie\u00dfen. Mit dem restlichen Parmesan bestreuen.<\/p><\/li><li><p>Die Moussaka bei <strong>180\u00b0C Umluft<\/strong> im vorgeheizten Backofen <strong>30-40 Minuten<\/strong> backen, bis sie goldbraun ist.<\/p><\/li><\/ol><h3>Tipps &amp; Tricks<\/h3><ul><li><p><strong>Vorbereitung:<\/strong><br \/>Du kannst die Erd\u00e4pfel und Melanzani schon am Vortag vorbereiten, damit der Zusammenbau der Moussaka schneller geht.<\/p><\/li><li><p><strong>K\u00e4se variieren:<\/strong><br \/>Verwende anstelle von Parmesan auch Feta oder Kefalotyri f\u00fcr eine authentisch griechische Note.<\/p><\/li><li><p><strong>Vegetarische Option:<\/strong><br \/>Ersetze das Lammfaschierte durch eine Mischung aus Linsen und Pilzen, um eine vegetarische Version der Moussaka zu erstellen.<\/p><\/li><li><p><strong>B\u00e9chamelsauce:<\/strong><br \/>Achte darauf, dass die B\u00e9chamelsauce nicht zu dick wird, damit sie sich gut \u00fcber den Schichten verteilt und beim Backen eine cremige Konsistenz beh\u00e4lt.<\/p><\/li><li><p><strong>Melanzani entfeuchten:<\/strong><br \/>Durch das Salzen und Entfeuchten der Melanzani werden Bitterstoffe entzogen, und sie saugen beim Braten weniger \u00d6l auf.<\/p><\/li><\/ul>\t\t\t\t\t\t\t\t<\/div>\n\t\t\t\t<\/div>\n\t\t\t\t<\/div>\n\t\t\t\t<\/div>\n\t\t","protected":false},"excerpt":{"rendered":"<p>Moussaka Portionen: F\u00fcr 4-6 Personen Zutaten F\u00fcr die Erd\u00e4pfel und Melanzani 600 g Erd\u00e4pfel (gesch\u00e4lt, in 2 mm feine Scheiben geschnitten) 600 g Melanzani (vom Stielansatz befreit, in 2 mm feine Scheiben geschnitten) Oliven\u00f6l F\u00fcr die Faschierte So\u00dfe 500 g Faschiertes, bevorzugt Lamm 2 Zwiebeln (fein gehackt) 4 Knoblauchzehen (fein gehackt) 1 gr. Dose gesch\u00e4lte [&hellip;]<\/p>\n","protected":false},"author":1,"featured_media":0,"parent":0,"menu_order":0,"comment_status":"closed","ping_status":"closed","template":"elementor_header_footer","meta":{"footnotes":""},"class_list":["post-1153","page","type-page","status-publish","hentry"],"_links":{"self":[{"href":"http:\/\/merely-labeled.com\/index.php?rest_route=\/wp\/v2\/pages\/1153","targetHints":{"allow":["GET"]}}],"collection":[{"href":"http:\/\/merely-labeled.com\/index.php?rest_route=\/wp\/v2\/pages"}],"about":[{"href":"http:\/\/merely-labeled.com\/index.php?rest_route=\/wp\/v2\/types\/page"}],"author":[{"embeddable":true,"href":"http:\/\/merely-labeled.com\/index.php?rest_route=\/wp\/v2\/users\/1"}],"replies":[{"embeddable":true,"href":"http:\/\/merely-labeled.com\/index.php?rest_route=%2Fwp%2Fv2%2Fcomments&post=1153"}],"version-history":[{"count":4,"href":"http:\/\/merely-labeled.com\/index.php?rest_route=\/wp\/v2\/pages\/1153\/revisions"}],"predecessor-version":[{"id":1157,"href":"http:\/\/merely-labeled.com\/index.php?rest_route=\/wp\/v2\/pages\/1153\/revisions\/1157"}],"wp:attachment":[{"href":"http:\/\/merely-labeled.com\/index.php?rest_route=%2Fwp%2Fv2%2Fmedia&parent=1153"}],"curies":[{"name":"wp","href":"https:\/\/api.w.org\/{rel}","templated":true}]}}