{"id":1145,"date":"2024-08-23T16:10:13","date_gmt":"2024-08-23T14:10:13","guid":{"rendered":"http:\/\/merely-labeled.com\/?page_id=1145"},"modified":"2026-02-27T16:15:25","modified_gmt":"2026-02-27T15:15:25","slug":"blunzengroestl","status":"publish","type":"page","link":"http:\/\/merely-labeled.com\/?page_id=1145","title":{"rendered":"Blunzengr\u00f6stl"},"content":{"rendered":"\t\t<div data-elementor-type=\"wp-page\" data-elementor-id=\"1145\" class=\"elementor elementor-1145\" data-elementor-post-type=\"page\">\n\t\t\t\t<div class=\"elementor-element elementor-element-44b15144 e-con-full e-flex e-con e-parent\" data-id=\"44b15144\" data-element_type=\"container\" data-e-type=\"container\" data-settings=\"{&quot;background_background&quot;:&quot;gradient&quot;}\">\n\t\t\t\t<div class=\"elementor-element elementor-element-33c8bdf0 elementor-widget elementor-widget-heading\" data-id=\"33c8bdf0\" data-element_type=\"widget\" data-e-type=\"widget\" data-widget_type=\"heading.default\">\n\t\t\t\t<div class=\"elementor-widget-container\">\n\t\t\t\t\t<h2 class=\"elementor-heading-title elementor-size-default\">Blunzengr\u00f6stl<\/h2>\t\t\t\t<\/div>\n\t\t\t\t<\/div>\n\t\t\t\t<div class=\"elementor-element elementor-element-14ee2227 elementor-widget__width-inherit elementor-widget-divider--view-line elementor-invisible elementor-widget elementor-widget-divider\" data-id=\"14ee2227\" data-element_type=\"widget\" data-e-type=\"widget\" data-settings=\"{&quot;_animation&quot;:&quot;fadeInLeft&quot;}\" data-widget_type=\"divider.default\">\n\t\t\t\t<div class=\"elementor-widget-container\">\n\t\t\t\t\t\t\t<div class=\"elementor-divider\">\n\t\t\t<span class=\"elementor-divider-separator\">\n\t\t\t\t\t\t<\/span>\n\t\t<\/div>\n\t\t\t\t\t\t<\/div>\n\t\t\t\t<\/div>\n\t\t\t\t<div class=\"elementor-element elementor-element-7cb7d17c elementor-widget elementor-widget-text-editor\" data-id=\"7cb7d17c\" data-element_type=\"widget\" data-e-type=\"widget\" data-widget_type=\"text-editor.default\">\n\t\t\t\t<div class=\"elementor-widget-container\">\n\t\t\t\t\t\t\t\t\t<p><strong>Portionen:<\/strong> F\u00fcr 4 Personen<\/p><h3>Zutaten<\/h3><ul><li><strong>500 g<\/strong> Blutwurst<\/li><li><strong>750 g<\/strong> Kartoffeln<\/li><li><strong>1 EL<\/strong> Majoran<\/li><li><strong>0.5 TL<\/strong> Salz<\/li><li><strong>2 EL<\/strong> \u00d6l<\/li><li><strong>1<\/strong> Zwiebel<\/li><\/ul><h3>Zubereitung<\/h3><ol><li><p><strong>Kartoffeln vorbereiten:<\/strong><br \/><strong>750 g Kartoffeln<\/strong> kochen und danach sch\u00e4len.<\/p><\/li><li><p><strong>Blutwurst und Zwiebel vorbereiten:<\/strong><br \/><strong>500 g Blutwurst<\/strong> sch\u00e4len und in W\u00fcrfel schneiden. <strong>1 Zwiebel<\/strong> sch\u00e4len und in kleine W\u00fcrfel schneiden.<\/p><\/li><li><p><strong>Anbraten:<\/strong><br \/><strong>2 EL \u00d6l<\/strong> in einer Pfanne erhitzen und die Zwiebelw\u00fcrfel darin anschwitzen.<\/p><\/li><li><p><strong>Kartoffeln anr\u00f6sten:<\/strong><br \/>Die gesch\u00e4lten Kartoffeln in Scheiben schneiden und zu den Zwiebeln in die Pfanne geben. Zusammen mit den Zwiebeln anr\u00f6sten.<\/p><\/li><li><p><strong>Blutwurst untermischen:<\/strong><br \/>Die gew\u00fcrfelte Blutwurst zu den Zwiebeln und Kartoffeln geben und unter R\u00fchren anbraten, bis die Blutwurst zerf\u00e4llt.<\/p><\/li><li><p><strong>W\u00fcrzen:<\/strong><br \/>Mit <strong>1 EL Majoran<\/strong> und <strong>0.5 TL Salz<\/strong> w\u00fcrzen und gut vermischen.<\/p><\/li><li><p><strong>Servieren:<\/strong><br \/>Das Blunzengr\u00f6stl hei\u00df servieren.<\/p><\/li><\/ol><h3>Tipps &amp; Tricks<\/h3><ul><li><p><strong>Kartoffeln vorab kochen:<\/strong><br \/>Es ist eine gute Idee, die Kartoffeln bereits am Vortag zu kochen und \u00fcber Nacht im K\u00fchlschrank abk\u00fchlen zu lassen. Kalte Kartoffeln lassen sich besser schneiden und behalten ihre Form besser beim Anbraten.<\/p><\/li><li><p><strong>W\u00fcrzige Blutwurst:<\/strong><br \/>Achte darauf, eine hochwertige und gut gew\u00fcrzte Blutwurst zu verwenden, da sie den Hauptgeschmack des Gerichts ausmacht. Regionale Spezialit\u00e4ten sind oft besonders lecker.<\/p><\/li><li><p><strong>Knusprige Kartoffeln:<\/strong><br \/>Um besonders knusprige Kartoffelscheiben zu bekommen, brate sie zuerst alleine in der Pfanne an, bevor du die Zwiebeln und die Blutwurst hinzuf\u00fcgst. So k\u00f6nnen sie eine sch\u00f6ne, goldbraune Kruste bekommen.<\/p><\/li><li><p><strong>Zwiebeln karamellisieren:<\/strong><br \/>Lasse die Zwiebeln auf niedriger bis mittlerer Hitze langsam karamellisieren, bevor du die Kartoffeln hinzugibst. Dies gibt dem Gericht eine s\u00fc\u00dfliche Tiefe und intensiveren Geschmack.<\/p><\/li><li><p><strong>Zus\u00e4tzliche W\u00fcrze:<\/strong><br \/>F\u00fcr einen extra w\u00fcrzigen Geschmack kannst du noch etwas Knoblauch oder K\u00fcmmel hinzuf\u00fcgen, beides passt hervorragend zur Blutwurst und den Kartoffeln.<\/p><\/li><li><p><strong>Beilagen:<\/strong><br \/>Blunzengr\u00f6stl schmeckt besonders gut mit einer Beilage von Sauerkraut oder einem frischen gr\u00fcnen Salat. Ein Klecks Senf auf dem Teller kann auch eine interessante Geschmackskomponente hinzuf\u00fcgen.<\/p><\/li><li><p><strong>Resteverwertung:<\/strong><br \/>Blunzengr\u00f6stl ist ein ideales Gericht zur Resteverwertung von \u00fcbrig gebliebenen Kartoffeln. Auch andere Wurstreste k\u00f6nnen mit angebraten werden.<\/p><\/li><\/ul>\t\t\t\t\t\t\t\t<\/div>\n\t\t\t\t<\/div>\n\t\t\t\t<\/div>\n\t\t\t\t<\/div>\n\t\t","protected":false},"excerpt":{"rendered":"<p>Blunzengr\u00f6stl Portionen: F\u00fcr 4 Personen Zutaten 500 g Blutwurst 750 g Kartoffeln 1 EL Majoran 0.5 TL Salz 2 EL \u00d6l 1 Zwiebel Zubereitung Kartoffeln vorbereiten:750 g Kartoffeln kochen und danach sch\u00e4len. Blutwurst und Zwiebel vorbereiten:500 g Blutwurst sch\u00e4len und in W\u00fcrfel schneiden. 1 Zwiebel sch\u00e4len und in kleine W\u00fcrfel schneiden. Anbraten:2 EL \u00d6l in [&hellip;]<\/p>\n","protected":false},"author":1,"featured_media":0,"parent":9,"menu_order":0,"comment_status":"closed","ping_status":"closed","template":"elementor_header_footer","meta":{"footnotes":""},"class_list":["post-1145","page","type-page","status-publish","hentry"],"_links":{"self":[{"href":"http:\/\/merely-labeled.com\/index.php?rest_route=\/wp\/v2\/pages\/1145","targetHints":{"allow":["GET"]}}],"collection":[{"href":"http:\/\/merely-labeled.com\/index.php?rest_route=\/wp\/v2\/pages"}],"about":[{"href":"http:\/\/merely-labeled.com\/index.php?rest_route=\/wp\/v2\/types\/page"}],"author":[{"embeddable":true,"href":"http:\/\/merely-labeled.com\/index.php?rest_route=\/wp\/v2\/users\/1"}],"replies":[{"embeddable":true,"href":"http:\/\/merely-labeled.com\/index.php?rest_route=%2Fwp%2Fv2%2Fcomments&post=1145"}],"version-history":[{"count":4,"href":"http:\/\/merely-labeled.com\/index.php?rest_route=\/wp\/v2\/pages\/1145\/revisions"}],"predecessor-version":[{"id":1149,"href":"http:\/\/merely-labeled.com\/index.php?rest_route=\/wp\/v2\/pages\/1145\/revisions\/1149"}],"up":[{"embeddable":true,"href":"http:\/\/merely-labeled.com\/index.php?rest_route=\/wp\/v2\/pages\/9"}],"wp:attachment":[{"href":"http:\/\/merely-labeled.com\/index.php?rest_route=%2Fwp%2Fv2%2Fmedia&parent=1145"}],"curies":[{"name":"wp","href":"https:\/\/api.w.org\/{rel}","templated":true}]}}