{"id":1126,"date":"2024-08-23T16:02:15","date_gmt":"2024-08-23T14:02:15","guid":{"rendered":"http:\/\/merely-labeled.com\/?page_id=1126"},"modified":"2024-08-23T16:02:47","modified_gmt":"2024-08-23T14:02:47","slug":"powidl-thermomix-tm-6","status":"publish","type":"page","link":"http:\/\/merely-labeled.com\/?page_id=1126","title":{"rendered":"Powidl (Thermomix TM 6)"},"content":{"rendered":"\t\t<div data-elementor-type=\"wp-page\" data-elementor-id=\"1126\" class=\"elementor elementor-1126\" data-elementor-post-type=\"page\">\n\t\t\t\t<div class=\"elementor-element elementor-element-30e9af5a e-con-full e-flex e-con e-parent\" data-id=\"30e9af5a\" data-element_type=\"container\" data-e-type=\"container\" data-settings=\"{&quot;background_background&quot;:&quot;gradient&quot;}\">\n\t\t\t\t<div class=\"elementor-element elementor-element-7e89a225 elementor-widget elementor-widget-heading\" data-id=\"7e89a225\" data-element_type=\"widget\" data-e-type=\"widget\" data-widget_type=\"heading.default\">\n\t\t\t\t<div class=\"elementor-widget-container\">\n\t\t\t\t\t<h2 class=\"elementor-heading-title elementor-size-default\">Powidl (Thermomix TM 6)<\/h2>\t\t\t\t<\/div>\n\t\t\t\t<\/div>\n\t\t\t\t<div class=\"elementor-element elementor-element-69279b62 elementor-widget__width-inherit elementor-widget-divider--view-line elementor-invisible elementor-widget elementor-widget-divider\" data-id=\"69279b62\" data-element_type=\"widget\" data-e-type=\"widget\" data-settings=\"{&quot;_animation&quot;:&quot;fadeInLeft&quot;}\" data-widget_type=\"divider.default\">\n\t\t\t\t<div class=\"elementor-widget-container\">\n\t\t\t\t\t\t\t<div class=\"elementor-divider\">\n\t\t\t<span class=\"elementor-divider-separator\">\n\t\t\t\t\t\t<\/span>\n\t\t<\/div>\n\t\t\t\t\t\t<\/div>\n\t\t\t\t<\/div>\n\t\t\t\t<div class=\"elementor-element elementor-element-68b316b3 elementor-widget elementor-widget-text-editor\" data-id=\"68b316b3\" data-element_type=\"widget\" data-e-type=\"widget\" data-widget_type=\"text-editor.default\">\n\t\t\t\t<div class=\"elementor-widget-container\">\n\t\t\t\t\t\t\t\t\t<p><strong>Portionen<\/strong> F\u00fcr 4 Personen<\/p><h3>Zutaten<\/h3><p><strong>Portionen:<\/strong> Ergibt ca. 3 Schraubgl\u00e4ser (\u00e0 ca. 200 ml)<\/p><h3>Zutaten<\/h3><ul><li><strong>2000 g<\/strong> frische Zwetschken, halbiert, entsteint (oder Pflaumen)<\/li><li><strong>\u00bc &#8211; \u00bd TL<\/strong> Zimt, gemahlen (oder Wiener S\u00fc\u00dfe Mischung &#8222;Feine Prise&#8220;)<\/li><li><strong>25 g<\/strong> Rum<\/li><li><strong>60 g<\/strong> Vanillezucker, selbst gemacht<\/li><\/ul><h3>Zubereitung<\/h3><ol><li><strong>1300 g Zwetschken<\/strong> in den Mixtopf geben und <strong>10 Sek.\/Stufe 7<\/strong> zerkleinern.<\/li><li>Anstelle des Messbechers den Gareinsatz als Spritzschutz auf den Mixtopfdeckel stellen und <strong>99 Min.\/100\u00b0C\/Stufe 2.5<\/strong> kochen.<\/li><li><strong>700 g Zwetschken<\/strong> zugeben, die Zwetschkenmasse mit dem Spatel durchmischen und vom Mixtopfboden l\u00f6sen. Anstelle des Messbechers den Gareinsatz als Spritzschutz auf den Mixtopfdeckel stellen und erneut <strong>99 Min.\/100\u00b0C\/Stufe 2.5<\/strong> kochen.<\/li><li>Zwetschkenmasse wieder mit dem Spatel durchmischen und vom Mixtopfboden l\u00f6sen. Anstelle des Messbechers den Gareinsatz als Spritzschutz auf den Mixtopfdeckel stellen und ein weiteres Mal <strong>99 Min.\/100\u00b0C\/Stufe 2.5<\/strong>kochen.<\/li><li>Diesen Vorgang noch einmal wiederholen (insgesamt vier Mal 99 Minuten kochen lassen, um die Masse einzudicken).<\/li><li><strong>\u00bc &#8211; \u00bd TL Zimt<\/strong>, <strong>25 g Rum<\/strong> und <strong>60 g Vanillezucker<\/strong> zugeben. Gareinsatz anstelle des Messbechers als Spritzschutz auf den Mixtopfdeckel stellen und <strong>50-90 Min.\/100\u00b0C\/Stufe 2.5<\/strong> kochen, bis die gew\u00fcnschte Festigkeit erreicht ist.<\/li><li>W\u00e4hrenddessen <strong>3 Gl\u00e4ser<\/strong> (\u00e0 ca. 200 ml) mit Twist-off-Deckeln gr\u00fcndlich reinigen (siehe Tipp).<\/li><li>Hei\u00dfen Powidl mithilfe eines Marmeladentrichters bis knapp unter den Rand (ca. 5 mm) in die vorbereiteten Gl\u00e4ser einf\u00fcllen. Darauf achten, dass der Glasrand sauber ist. Gl\u00e4ser sofort verschlie\u00dfen.<\/li><\/ol><h3>Tipps &amp; Tricks<\/h3><ul><li><strong>Haltbarkeit:<\/strong> Mindestens 6 Monate haltbar, wenn k\u00fchl und dunkel gelagert. Ge\u00f6ffnete Gl\u00e4ser im K\u00fchlschrank aufbewahren und rasch aufbrauchen.<\/li><li><strong>Reinigung der Gl\u00e4ser:<\/strong> Zur gr\u00fcndlichen Reinigung der Gl\u00e4ser kannst du sie in hei\u00dfem Wasser sterilisieren oder in der Sp\u00fclmaschine auf h\u00f6chster Stufe waschen.<\/li><li><strong>Variationen:<\/strong> F\u00fcr eine Variation kannst du auch ein paar Nelken oder eine Zimtstange mitkochen und vor dem Abf\u00fcllen entfernen.<\/li><\/ul><h4>F\u00fcr das H\u00fchnergeschnetzelte<\/h4><ul><li><strong>500 &#8211; 600 g<\/strong> H\u00fchnergeschnetzeltes<\/li><li><strong>0.5 TL<\/strong> Salz<\/li><li><strong>0.5 TL<\/strong> Pfeffer<\/li><li><strong>0.5 TL<\/strong> Oregano<\/li><li><strong>2 TL<\/strong> \u00d6l<\/li><\/ul><h4>F\u00fcr den Reis<\/h4><ul><li><strong>100 g<\/strong> Reis<\/li><li><strong>1.5 TL<\/strong> Salz<\/li><li><strong>1200 g<\/strong> Wasser<\/li><\/ul><h4>F\u00fcr die Sauce<\/h4><ul><li><strong>40 g<\/strong> Cashewmus<\/li><li><strong>0.5 TL<\/strong> Salz<\/li><li><strong>0.25 TL<\/strong> Pfeffer<\/li><li><strong>1 TL<\/strong> Oregano<\/li><li><strong>1 Messerspitze<\/strong> Asaf\u00f6tida<\/li><li><strong>15 g<\/strong> Speisest\u00e4rke<\/li><\/ul><h3>Zubereitung<\/h3><ol><li>Eine Sch\u00fcssel auf den Mixtopfdeckel stellen, <strong>500 &#8211; 600 g H\u00fchnergeschnetzeltes<\/strong> einwiegen, Sch\u00fcssel absetzen, <strong>0.5 TL Salz<\/strong>, <strong>0.5 TL Pfeffer<\/strong>, <strong>0.5 TL Oregano<\/strong> und <strong>2 TL \u00d6l<\/strong> zugeben und vermischen. Varoma-Einlegeboden mit Backpapier auslegen (siehe Tipp) und das marinierte Huhn darauf verteilen.<\/li><li><strong>1.5 TL Salz<\/strong> in den Mixtopf geben, Gareinsatz einh\u00e4ngen, <strong>100 g Reis<\/strong> einwiegen und <strong>1200 g Wasser<\/strong> \u00fcber den Reis in den Mixtopf einwiegen. Varoma-Beh\u00e4lter aufsetzen und verschlie\u00dfen, dann 24 Min.\/Varoma\/Stufe 1 garen.<\/li><li>Varoma absetzen, Gareinsatz mithilfe des Spatels herausnehmen und alles warm stellen. Mixtopf leeren, dabei Garfl\u00fcssigkeit auffangen. Mixtopf sp\u00fclen.<\/li><li><strong>300 g Garfl\u00fcssigkeit<\/strong>, <strong>40 g Cashewmus<\/strong>, <strong>0.5 TL Salz<\/strong>, <strong>0.25 TL Pfeffer<\/strong>, <strong>1 TL Oregano<\/strong>, <strong>1 Messerspitze Asaf\u00f6tida<\/strong>und <strong>15 g Speisest\u00e4rke<\/strong> in den Mixtopf geben, 4 Min.\/100\u00b0C\/Linkslauf\/Stufe 3 aufkochen und dann 20 Sek.\/Stufe 8 p\u00fcrieren.<\/li><li>H\u00fchnergeschnetzeltes mit der Sauce und dem Reis servieren.<\/li><\/ol>\t\t\t\t\t\t\t\t<\/div>\n\t\t\t\t<\/div>\n\t\t\t\t<\/div>\n\t\t\t\t<\/div>\n\t\t","protected":false},"excerpt":{"rendered":"<p>Powidl (Thermomix TM 6) Portionen F\u00fcr 4 Personen Zutaten Portionen: Ergibt ca. 3 Schraubgl\u00e4ser (\u00e0 ca. 200 ml) Zutaten 2000 g frische Zwetschken, halbiert, entsteint (oder Pflaumen) \u00bc &#8211; \u00bd TL Zimt, gemahlen (oder Wiener S\u00fc\u00dfe Mischung &#8222;Feine Prise&#8220;) 25 g Rum 60 g Vanillezucker, selbst gemacht Zubereitung 1300 g Zwetschken in den Mixtopf geben [&hellip;]<\/p>\n","protected":false},"author":1,"featured_media":0,"parent":0,"menu_order":0,"comment_status":"closed","ping_status":"closed","template":"elementor_header_footer","meta":{"footnotes":""},"class_list":["post-1126","page","type-page","status-publish","hentry"],"_links":{"self":[{"href":"http:\/\/merely-labeled.com\/index.php?rest_route=\/wp\/v2\/pages\/1126","targetHints":{"allow":["GET"]}}],"collection":[{"href":"http:\/\/merely-labeled.com\/index.php?rest_route=\/wp\/v2\/pages"}],"about":[{"href":"http:\/\/merely-labeled.com\/index.php?rest_route=\/wp\/v2\/types\/page"}],"author":[{"embeddable":true,"href":"http:\/\/merely-labeled.com\/index.php?rest_route=\/wp\/v2\/users\/1"}],"replies":[{"embeddable":true,"href":"http:\/\/merely-labeled.com\/index.php?rest_route=%2Fwp%2Fv2%2Fcomments&post=1126"}],"version-history":[{"count":4,"href":"http:\/\/merely-labeled.com\/index.php?rest_route=\/wp\/v2\/pages\/1126\/revisions"}],"predecessor-version":[{"id":1130,"href":"http:\/\/merely-labeled.com\/index.php?rest_route=\/wp\/v2\/pages\/1126\/revisions\/1130"}],"wp:attachment":[{"href":"http:\/\/merely-labeled.com\/index.php?rest_route=%2Fwp%2Fv2%2Fmedia&parent=1126"}],"curies":[{"name":"wp","href":"https:\/\/api.w.org\/{rel}","templated":true}]}}